{"id":652,"date":"2022-02-04T08:55:32","date_gmt":"2022-02-04T08:55:32","guid":{"rendered":"http:\/\/campingsaltaus.it.w01de51c.kasserver.com\/cookies\/"},"modified":"2022-02-04T08:55:32","modified_gmt":"2022-02-04T08:55:32","slug":"cookies","status":"publish","type":"page","link":"https:\/\/campingsaltaus.it\/it\/cookies\/","title":{"rendered":"Cookies"},"content":{"rendered":"<h2 id=\"cookies\">Cookies<\/h2>\n<a href=\"#\" class=\"_brlbs-btn-cookie-preference borlabs-cookie-preference\">Cambiare impostazioni<\/a>\n<p><b>Cosa sono i cookie?<\/b><br \/>\nI cookie sono piccoli file di testo che vengono salvati sul tuo computer quando visiti determinati siti internet.<\/p>\n<p>Per il nostro sito e relativi sotto-domini utilizziamo cookie, chiedendone il consenso all\u2019utente ove la legge o i regolamenti applicabili lo prevedano, per agevolare la navigazione e personalizzare le informazioni rivolte all\u2019utente. Utilizziamo inoltre sistemi simili per raccogliere informazioni sugli utenti, quali ad esempio indirizzo IP, tipo di browser e sistema operativo utilizzato e\/o pagine web visitate da un utente, per finalit\u00e0 statistiche o di sicurezza.<\/p>\n<p>Ti informiamo che se deciderai di disabilitare o rifiutare i cookie alcune parti del nostro sito e relativi sotto-domini potrebbero essere inaccessibili o non funzionare correttamente.<\/p>\n<p>Pertanto per un utilizzo agevolato e completo di questo sito sarebbe opportuno che l\u2019utente configurasse il proprio browser in modo che accetti la ricezione di tali cookie. I cookie non sono dannosi per il tuo computer, tablet o smartphone. Nei cookie generati dal nostro sito non vengono conservate informazioni identificative personali ma solo informazioni criptate.<\/p>\n<p>Il nostro sito e relativi sotto-domini utilizzano i seguenti cookie:<\/p>\n<p><b>Cookie di navigazione<\/b><br \/>\nQuesti cookie sono fondamentali per permetterti di navigare sul sito ed utilizzare le sue funzionalit\u00e0. Senza cookie \u00e8 possibile che alcune funzionalit\u00e0 non siano accessibili o non funzionino correttamente.<br \/>\nI cookie strettamente necessari sono utilizzati per memorizzare un identificatore al fine di individuare l\u2019utente in modo unico rispetto ad altri utenti, in modo da fornire all\u2019utente un servizio coerente e preciso.<\/p>\n<p><b>Performance cookie<\/b><br \/>\nQuesti cookie possono essere nostri o di partner, di sessione o persistenti. Il loro utilizzo \u00e8 limitato alla performance e al miglioramento del sito. Questi cookie non raccolgono informazioni che possono identificare l\u2019utente. Tutte le informazioni raccolte da questi cookie sono aggregate in forma anonima e sono utilizzate solo per migliorare la funzionalit\u00e0 del sito.<\/p>\n<p><b>Cookie funzionali<\/b><br \/>\nI cookie solitamente sono conseguenti ad un\u2019azione dell\u2019utente, ma possono essere anche implementati nella fornitura di un servizio, non esplicitamente richiesto, ma offerto all\u2019utente. Possono essere inoltre utilizzati per evitare di offrire nuovamente ad uno specifico utente un servizio gi\u00e0 proposto. Inoltre, questi cookie permettono al sito di tenere traccia delle scelte dell\u2019utente. Le informazioni raccolte da questi cookie sono anonime e non possono ricondurre il comportamento dell\u2019utente su altri siti.<\/p>\n<p><b>Cookie di terze parti per marketing\/retargeting<\/b><br \/>\nQuesti cookie sono utilizzati da partner, al fine di proporre nostri messaggi pubblicitari quando visiti altri siti, mostrando ad esempio gli ultimi prodotti che hai visualizzato sul sito. Questi cookie possono essere utilizzati anche per mostrare prodotti che potrebbero interessarti o simili a quelli che hai visualizzato precedentemente. L\u2019uso di questi cookie non implica il trattamento di dati personali, ma pu\u00f2 consentire la connessione al browser installato sul tuo computer o su altri dispositivi utilizzati durante la navigazione.<\/p>\n<p><strong>I suoi impostazioni dei cookie per questo sito<\/strong><\/p>\n<div class=\"BorlabsCookie\" data-borlabs-cookie-consent-history><div class=\"_brlbs-responsive-table\"><table class=\"_brlbs-table\"><thead><tr><th class=\"_brlbs-table-date\" scope=\"col\">Datum<\/th><th class=\"_brlbs-table-version\" scope=\"col\">Version<\/th><th class=\"_brlbs-table-consents\" scope=\"col\">Einwilligungen<\/th><\/tr><\/thead><\/table><\/div><\/div>\n<p><strong>Descrizione per tutti i cookie disponibili per questo sito<\/strong><\/p>\n<div class=\"BorlabsCookie\"><h3 class=\"_brlbs _brlbs-cg-essential\">Essenziell<\/h3><p class=\"_brlbs _brlbs-cg-essential\">Essenzielle Cookies erm\u00f6glichen grundlegende Funktionen und sind f\u00fcr die einwandfreie Funktion der Website erforderlich.<\/p><h4 class=\"_brlbs _brlbs-c-borlabs-cookie\">Borlabs Cookie<\/h4><div class=\"_brlbs-responsive-table\"><table class=\"_brlbs _brlbs-c-borlabs-cookie\"><tr><th scope=\"row\">Name<\/th><td>Borlabs Cookie<\/td><\/tr><tr><th scope=\"row\">Anbieter<\/th><td>Eigent\u00fcmer dieser Website<span>, <\/span><a href=\"https:\/\/campingsaltaus.it\/it\/privacy\/\">Impressum<\/a><\/td><\/tr><tr><th scope=\"row\">Zweck<\/th><td>Speichert die Einstellungen der Besucher, die in der Cookie Box von Borlabs Cookie ausgew\u00e4hlt wurden.<\/td><\/tr><tr><th scope=\"row\">Cookie Name<\/th><td>borlabs-cookie<\/td><\/tr><tr><th scope=\"row\">Cookie Laufzeit<\/th><td>1 Jahr<\/td><\/tr><\/table><\/div><h3 class=\"_brlbs _brlbs-cg-statistics\">Statistiken<\/h3><p class=\"_brlbs _brlbs-cg-statistics\">Statistik Cookies erfassen Informationen anonym. Diese Informationen helfen uns zu verstehen, wie unsere Besucher unsere Website nutzen.<\/p><h3 class=\"_brlbs _brlbs-cg-marketing\">Marketing<\/h3><p class=\"_brlbs _brlbs-cg-marketing\">Marketing-Cookies werden von Drittanbietern oder Publishern verwendet, um personalisierte Werbung anzuzeigen. Sie tun dies, indem sie Besucher \u00fcber Websites hinweg verfolgen.<\/p><h3 class=\"_brlbs _brlbs-cg-external-media\">Externe Medien<\/h3><p class=\"_brlbs _brlbs-cg-external-media\">Inhalte von Videoplattformen und Social-Media-Plattformen werden standardm\u00e4\u00dfig blockiert. Wenn Cookies von externen Medien akzeptiert werden, bedarf der Zugriff auf diese Inhalte keiner manuellen Einwilligung mehr.<\/p><h4 class=\"_brlbs _brlbs-c-facebook\">Facebook<\/h4><div class=\"_brlbs-responsive-table\"><table class=\"_brlbs _brlbs-c-facebook\"><tr><th scope=\"row\">Name<\/th><td>Facebook<\/td><\/tr><tr><th scope=\"row\">Anbieter<\/th><td>Meta Platforms Ireland Limited, 4 Grand Canal Square, Dublin 2, Ireland<\/td><\/tr><tr><th scope=\"row\">Zweck<\/th><td>Wird verwendet, um Facebook-Inhalte zu entsperren.<\/td><\/tr><tr><th scope=\"row\">Datenschutzerkl\u00e4rung<\/th><td><a href=\"https:\/\/www.facebook.com\/privacy\/explanation\" target=\"_blank\" rel=\"nofollow noopener noreferrer\">https:\/\/www.facebook.com\/privacy\/explanation<\/a><\/td><\/tr><tr><th scope=\"row\">Host(s)<\/th><td>.facebook.com<\/td><\/tr><\/table><\/div><h4 class=\"_brlbs _brlbs-c-googlemaps\">Google Maps<\/h4><div class=\"_brlbs-responsive-table\"><table class=\"_brlbs _brlbs-c-googlemaps\"><tr><th scope=\"row\">Name<\/th><td>Google Maps<\/td><\/tr><tr><th scope=\"row\">Anbieter<\/th><td>Google Ireland Limited, Gordon House, Barrow Street, Dublin 4, Ireland<\/td><\/tr><tr><th scope=\"row\">Zweck<\/th><td>Wird zum Entsperren von Google Maps-Inhalten verwendet.<\/td><\/tr><tr><th scope=\"row\">Datenschutzerkl\u00e4rung<\/th><td><a href=\"https:\/\/policies.google.com\/privacy\" target=\"_blank\" rel=\"nofollow noopener noreferrer\">https:\/\/policies.google.com\/privacy<\/a><\/td><\/tr><tr><th scope=\"row\">Host(s)<\/th><td>.google.com<\/td><\/tr><tr><th scope=\"row\">Cookie Name<\/th><td>NID<\/td><\/tr><tr><th scope=\"row\">Cookie Laufzeit<\/th><td>6 Monate<\/td><\/tr><\/table><\/div><h4 class=\"_brlbs _brlbs-c-instagram\">Instagram<\/h4><div class=\"_brlbs-responsive-table\"><table class=\"_brlbs _brlbs-c-instagram\"><tr><th scope=\"row\">Name<\/th><td>Instagram<\/td><\/tr><tr><th scope=\"row\">Anbieter<\/th><td>Meta Platforms Ireland Limited, 4 Grand Canal Square, Dublin 2, Ireland<\/td><\/tr><tr><th scope=\"row\">Zweck<\/th><td>Wird verwendet, um Instagram-Inhalte zu entsperren.<\/td><\/tr><tr><th scope=\"row\">Datenschutzerkl\u00e4rung<\/th><td><a href=\"https:\/\/www.instagram.com\/legal\/privacy\/\" target=\"_blank\" rel=\"nofollow noopener noreferrer\">https:\/\/www.instagram.com\/legal\/privacy\/<\/a><\/td><\/tr><tr><th scope=\"row\">Host(s)<\/th><td>.instagram.com<\/td><\/tr><tr><th scope=\"row\">Cookie Name<\/th><td>pigeon_state<\/td><\/tr><tr><th scope=\"row\">Cookie Laufzeit<\/th><td>Sitzung<\/td><\/tr><\/table><\/div><h4 class=\"_brlbs _brlbs-c-openstreetmap\">OpenStreetMap<\/h4><div class=\"_brlbs-responsive-table\"><table class=\"_brlbs _brlbs-c-openstreetmap\"><tr><th scope=\"row\">Name<\/th><td>OpenStreetMap<\/td><\/tr><tr><th scope=\"row\">Anbieter<\/th><td>Openstreetmap Foundation, St John\u2019s Innovation Centre, Cowley Road, Cambridge CB4 0WS, United Kingdom<\/td><\/tr><tr><th scope=\"row\">Zweck<\/th><td>Wird verwendet, um OpenStreetMap-Inhalte zu entsperren.<\/td><\/tr><tr><th scope=\"row\">Datenschutzerkl\u00e4rung<\/th><td><a href=\"https:\/\/wiki.osmfoundation.org\/wiki\/Privacy_Policy\" target=\"_blank\" rel=\"nofollow noopener noreferrer\">https:\/\/wiki.osmfoundation.org\/wiki\/Privacy_Policy<\/a><\/td><\/tr><tr><th scope=\"row\">Host(s)<\/th><td>.openstreetmap.org<\/td><\/tr><tr><th scope=\"row\">Cookie Name<\/th><td>_osm_location, _osm_session, _osm_totp_token, _osm_welcome, _pk_id., _pk_ref., _pk_ses., qos_token<\/td><\/tr><tr><th scope=\"row\">Cookie Laufzeit<\/th><td>1-10 Jahre<\/td><\/tr><\/table><\/div><h4 class=\"_brlbs _brlbs-c-twitter\">Twitter<\/h4><div class=\"_brlbs-responsive-table\"><table class=\"_brlbs _brlbs-c-twitter\"><tr><th scope=\"row\">Name<\/th><td>Twitter<\/td><\/tr><tr><th scope=\"row\">Anbieter<\/th><td>Twitter International Company, One Cumberland Place, Fenian Street, Dublin 2, D02 AX07, Ireland<\/td><\/tr><tr><th scope=\"row\">Zweck<\/th><td>Wird verwendet, um Twitter-Inhalte zu entsperren.<\/td><\/tr><tr><th scope=\"row\">Datenschutzerkl\u00e4rung<\/th><td><a href=\"https:\/\/twitter.com\/privacy\" target=\"_blank\" rel=\"nofollow noopener noreferrer\">https:\/\/twitter.com\/privacy<\/a><\/td><\/tr><tr><th scope=\"row\">Host(s)<\/th><td>.twimg.com, .twitter.com<\/td><\/tr><tr><th scope=\"row\">Cookie Name<\/th><td>__widgetsettings, local_storage_support_test<\/td><\/tr><tr><th scope=\"row\">Cookie Laufzeit<\/th><td>Unbegrenzt<\/td><\/tr><\/table><\/div><h4 class=\"_brlbs _brlbs-c-vimeo\">Vimeo<\/h4><div class=\"_brlbs-responsive-table\"><table class=\"_brlbs _brlbs-c-vimeo\"><tr><th scope=\"row\">Name<\/th><td>Vimeo<\/td><\/tr><tr><th scope=\"row\">Anbieter<\/th><td>Vimeo Inc., 555 West 18th Street, New York, New York 10011, USA<\/td><\/tr><tr><th scope=\"row\">Zweck<\/th><td>Wird verwendet, um Vimeo-Inhalte zu entsperren.<\/td><\/tr><tr><th scope=\"row\">Datenschutzerkl\u00e4rung<\/th><td><a href=\"https:\/\/vimeo.com\/privacy\" target=\"_blank\" rel=\"nofollow noopener noreferrer\">https:\/\/vimeo.com\/privacy<\/a><\/td><\/tr><tr><th scope=\"row\">Host(s)<\/th><td>player.vimeo.com<\/td><\/tr><tr><th scope=\"row\">Cookie Name<\/th><td>vuid<\/td><\/tr><tr><th scope=\"row\">Cookie Laufzeit<\/th><td>2 Jahre<\/td><\/tr><\/table><\/div><h4 class=\"_brlbs _brlbs-c-youtube\">YouTube<\/h4><div class=\"_brlbs-responsive-table\"><table class=\"_brlbs _brlbs-c-youtube\"><tr><th scope=\"row\">Name<\/th><td>YouTube<\/td><\/tr><tr><th scope=\"row\">Anbieter<\/th><td>Google Ireland Limited, Gordon House, Barrow Street, Dublin 4, Ireland<\/td><\/tr><tr><th scope=\"row\">Zweck<\/th><td>Wird verwendet, um YouTube-Inhalte zu entsperren.<\/td><\/tr><tr><th scope=\"row\">Datenschutzerkl\u00e4rung<\/th><td><a href=\"https:\/\/policies.google.com\/privacy\" target=\"_blank\" rel=\"nofollow noopener noreferrer\">https:\/\/policies.google.com\/privacy<\/a><\/td><\/tr><tr><th scope=\"row\">Host(s)<\/th><td>google.com<\/td><\/tr><tr><th scope=\"row\">Cookie Name<\/th><td>NID<\/td><\/tr><tr><th scope=\"row\">Cookie Laufzeit<\/th><td>6 Monate<\/td><\/tr><\/table><\/div><\/div>\n<p>\u2014\u2014\u2014\u2014\u2014<\/p>\n<p><strong>Cookie di terze parti <\/strong>su questo sito sono per esempio:<\/p>\n<ul>\n<li>Google Analytics<\/li>\n<\/ul>\n<p>&nbsp;<\/p>\n<p><b>Come disabilitare i cookie<\/b><br \/>\nLe norme sulla protezione dei dati personali prevedono che l\u2019utente possa disabilitare cookie gi\u00e0 somministrati(\u201copt-out\u201d). L\u2019opt-out \u00e8 previsto per i cd. \u201ccookie tecnici\u201d (art.122 del Codice della Privacy), nonch\u00e9 per i cookie che non rientrino tra i \u201ccookie tecnici\u201d precedentemente accettati(\u201copt in\u201d) dall\u2019utente.<\/p>\n<p>Come disabilitare i cookie nei vari browser:<\/p>\n<p><b>Internet Explorer<\/b><br \/>\nBloccare o accetare tutti i cookie<\/p>\n<ol>\n<li>Per aprire Internet Explorer, fare clic sul pulsante Start. Nella casella di ricerca digitare Internet Explorer e quindi nell\u2019elenco dei risultati fare clic su Internet Explorer.<\/li>\n<li>Fare clic sul pulsante Strumenti e quindi su Opzioni Internet.<\/li>\n<li>Fare clic sulla scheda Privacy e in Impostazioni spostare il dispositivo di scorrimento verso l\u2019alto per bloccare tutti i cookie oppure verso il basso per consentirli tutti e quindi fare clic su OK.<br \/>\nIl blocco dei cookie potrebbe impedire la corretta visualizzazione di alcune pagine Web.<\/li>\n<\/ol>\n<p><b>Firefox<\/b><br \/>\nPer impostare Firefox in modo tale che possa bloccare i cookie di tutti i siti web:<\/p>\n<ol>\n<li>Fare clic sul pulsante dei menu e selezionare Opzioni.<\/li>\n<li>Selezionare il pannello Privacy.<\/li>\n<li>Alla voce Impostazioni cronologia selezionare l\u2019opzione utilizza impostazioni personalizzate.<\/li>\n<li>Rimuovere il contrassegno da Accetta i cookie dai siti. Fare clic su OK per chiudere la finestra delle opzioni.<\/li>\n<\/ol>\n<p><b>Google Chrome<\/b><\/p>\n<ol>\n<li>Seleziona l\u2019icona del menu Chrome.<\/li>\n<li>Seleziona Impostazioni.<\/li>\n<li>Nella parte inferiore della pagina, seleziona Mostra impostazioni avanzate.<\/li>\n<li>Nella sezione \u201cPrivacy\u201d, seleziona Impostazioni contenuti.<\/li>\n<li>Nella sezione \u201cPrivacy\u201d, seleziona Impostazioni contenuti.<\/li>\n<li>Seleziona Fine.<\/li>\n<\/ol>\n<p>In forza di tale distinzione, l\u2019utente potr\u00e0 procedere alla disabilitazione e\/o cancellazione dei cookie (\u201copt-out\u201d) mediante le relative impostazioni del proprio browser e alla disabilitazione e\/o cancellazione dei singoli cookie non \u201ctecnici\u201d somministrati dalle terze parti accedendo al sito web gestito da European Interactive Digital Advertising Alliance (EDAA) all\u2019indirizzo <a href=\"http:\/\/www.youronlinechoices.eu\/\">www.youronlinechoices.eu<\/a><\/p>\n","protected":false},"excerpt":{"rendered":"<p>Cookies Cosa sono i cookie? I cookie sono piccoli file di testo che vengono salvati sul tuo computer quando visiti determinati siti internet. Per il nostro sito e relativi sotto-domini&#8230;<\/p>\n","protected":false},"author":1,"featured_media":0,"parent":0,"menu_order":95,"comment_status":"closed","ping_status":"closed","template":"","meta":{"footnotes":""},"class_list":["post-652","page","type-page","status-publish"],"yoast_head":"<!-- This site is optimized with the Yoast SEO plugin v26.4 - https:\/\/yoast.com\/wordpress\/plugins\/seo\/ -->\n<title>Cookies - BAR RADLSTADL + CAMPING SALTAUS<\/title>\n<meta name=\"robots\" content=\"index, follow, max-snippet:-1, max-image-preview:large, max-video-preview:-1\" \/>\n<link rel=\"canonical\" href=\"https:\/\/campingsaltaus.it\/cookies\/\" \/>\n<meta property=\"og:locale\" content=\"it_IT\" \/>\n<meta property=\"og:type\" content=\"article\" \/>\n<meta property=\"og:title\" content=\"Cookies - BAR RADLSTADL + CAMPING SALTAUS\" \/>\n<meta property=\"og:description\" content=\"Cookies Cosa sono i cookie? I cookie sono piccoli file di testo che vengono salvati sul tuo computer quando visiti determinati siti internet. Per il nostro sito e relativi sotto-domini...\" \/>\n<meta property=\"og:url\" content=\"https:\/\/campingsaltaus.it\/cookies\/\" \/>\n<meta property=\"og:site_name\" content=\"BAR RADLSTADL + CAMPING SALTAUS\" \/>\n<meta name=\"twitter:card\" content=\"summary_large_image\" \/>\n<meta name=\"twitter:label1\" content=\"Est. reading time\" \/>\n\t<meta name=\"twitter:data1\" content=\"4 minutes\" \/>\n<script type=\"application\/ld+json\" class=\"yoast-schema-graph\">{\"@context\":\"https:\/\/schema.org\",\"@graph\":[{\"@type\":\"WebPage\",\"@id\":\"https:\/\/campingsaltaus.it\/cookies\/\",\"url\":\"https:\/\/campingsaltaus.it\/cookies\/\",\"name\":\"Cookies - BAR RADLSTADL + CAMPING SALTAUS\",\"isPartOf\":{\"@id\":\"https:\/\/campingsaltaus.it\/#website\"},\"datePublished\":\"2022-02-04T08:55:32+00:00\",\"breadcrumb\":{\"@id\":\"https:\/\/campingsaltaus.it\/cookies\/#breadcrumb\"},\"inLanguage\":\"it-IT\",\"potentialAction\":[{\"@type\":\"ReadAction\",\"target\":[\"https:\/\/campingsaltaus.it\/cookies\/\"]}]},{\"@type\":\"BreadcrumbList\",\"@id\":\"https:\/\/campingsaltaus.it\/cookies\/#breadcrumb\",\"itemListElement\":[{\"@type\":\"ListItem\",\"position\":1,\"name\":\"Startseite\",\"item\":\"https:\/\/campingsaltaus.it\/\"},{\"@type\":\"ListItem\",\"position\":2,\"name\":\"Cookies\"}]},{\"@type\":\"WebSite\",\"@id\":\"https:\/\/campingsaltaus.it\/#website\",\"url\":\"https:\/\/campingsaltaus.it\/\",\"name\":\"BAR RADLSTADL + CAMPING SALTAUS\",\"description\":\"Minicamping und Radstation - Radlstadl Camping Saltaus bei Meran in Passeier\",\"potentialAction\":[{\"@type\":\"SearchAction\",\"target\":{\"@type\":\"EntryPoint\",\"urlTemplate\":\"https:\/\/campingsaltaus.it\/?s={search_term_string}\"},\"query-input\":{\"@type\":\"PropertyValueSpecification\",\"valueRequired\":true,\"valueName\":\"search_term_string\"}}],\"inLanguage\":\"it-IT\"}]}<\/script>\n<!-- \/ Yoast SEO plugin. -->","yoast_head_json":{"title":"Cookies - BAR RADLSTADL + CAMPING SALTAUS","robots":{"index":"index","follow":"follow","max-snippet":"max-snippet:-1","max-image-preview":"max-image-preview:large","max-video-preview":"max-video-preview:-1"},"canonical":"https:\/\/campingsaltaus.it\/cookies\/","og_locale":"it_IT","og_type":"article","og_title":"Cookies - BAR RADLSTADL + CAMPING SALTAUS","og_description":"Cookies Cosa sono i cookie? I cookie sono piccoli file di testo che vengono salvati sul tuo computer quando visiti determinati siti internet. Per il nostro sito e relativi sotto-domini...","og_url":"https:\/\/campingsaltaus.it\/cookies\/","og_site_name":"BAR RADLSTADL + CAMPING SALTAUS","twitter_card":"summary_large_image","twitter_misc":{"Est. reading time":"4 minutes"},"schema":{"@context":"https:\/\/schema.org","@graph":[{"@type":"WebPage","@id":"https:\/\/campingsaltaus.it\/cookies\/","url":"https:\/\/campingsaltaus.it\/cookies\/","name":"Cookies - BAR RADLSTADL + CAMPING SALTAUS","isPartOf":{"@id":"https:\/\/campingsaltaus.it\/#website"},"datePublished":"2022-02-04T08:55:32+00:00","breadcrumb":{"@id":"https:\/\/campingsaltaus.it\/cookies\/#breadcrumb"},"inLanguage":"it-IT","potentialAction":[{"@type":"ReadAction","target":["https:\/\/campingsaltaus.it\/cookies\/"]}]},{"@type":"BreadcrumbList","@id":"https:\/\/campingsaltaus.it\/cookies\/#breadcrumb","itemListElement":[{"@type":"ListItem","position":1,"name":"Startseite","item":"https:\/\/campingsaltaus.it\/"},{"@type":"ListItem","position":2,"name":"Cookies"}]},{"@type":"WebSite","@id":"https:\/\/campingsaltaus.it\/#website","url":"https:\/\/campingsaltaus.it\/","name":"BAR RADLSTADL + CAMPING SALTAUS","description":"Minicamping und Radstation - Radlstadl Camping Saltaus bei Meran in Passeier","potentialAction":[{"@type":"SearchAction","target":{"@type":"EntryPoint","urlTemplate":"https:\/\/campingsaltaus.it\/?s={search_term_string}"},"query-input":{"@type":"PropertyValueSpecification","valueRequired":true,"valueName":"search_term_string"}}],"inLanguage":"it-IT"}]}},"_links":{"self":[{"href":"https:\/\/campingsaltaus.it\/it\/wp-json\/wp\/v2\/pages\/652","targetHints":{"allow":["GET"]}}],"collection":[{"href":"https:\/\/campingsaltaus.it\/it\/wp-json\/wp\/v2\/pages"}],"about":[{"href":"https:\/\/campingsaltaus.it\/it\/wp-json\/wp\/v2\/types\/page"}],"author":[{"embeddable":true,"href":"https:\/\/campingsaltaus.it\/it\/wp-json\/wp\/v2\/users\/1"}],"replies":[{"embeddable":true,"href":"https:\/\/campingsaltaus.it\/it\/wp-json\/wp\/v2\/comments?post=652"}],"version-history":[{"count":0,"href":"https:\/\/campingsaltaus.it\/it\/wp-json\/wp\/v2\/pages\/652\/revisions"}],"wp:attachment":[{"href":"https:\/\/campingsaltaus.it\/it\/wp-json\/wp\/v2\/media?parent=652"}],"curies":[{"name":"wp","href":"https:\/\/api.w.org\/{rel}","templated":true}]}}