{"id":649,"date":"2022-02-04T08:54:41","date_gmt":"2022-02-04T08:54:41","guid":{"rendered":"http:\/\/campingsaltaus.it.w01de51c.kasserver.com\/note-legali\/"},"modified":"2022-02-23T14:18:26","modified_gmt":"2022-02-23T14:18:26","slug":"note-legali","status":"publish","type":"page","link":"https:\/\/campingsaltaus.it\/it\/note-legali\/","title":{"rendered":"Note legali"},"content":{"rendered":"<p><strong>NOTE LEGALI<\/strong><\/p>\n<p>Proprietario del sito<\/p>\n<h4>RADLSTADL<\/h4>\n<div class=\"textwidget\">\n<p><strong>Radstation &amp; Camping Saltaus KG der Pircher Christa &amp; Co.<\/strong><br \/>\nVia Passo Giovo 170<br \/>\n39010 Rifiano a Saltusio<br \/>\nAlto Adige Italia<br \/>\n<a href=\"mailto:radlstadl@campingsaltaus.it\">radlstadl@campingsaltaus.it<\/a><\/p>\n<\/div>\n<p>Partita IVA &amp; codice fiscale: 03038190215<\/p>\n<p><strong>Webdesign e programmazione<\/strong><br \/>\n<a href=\"https:\/\/fahrner.it\" target=\"_blank\" rel=\"noopener\">fahrner | web . grafik \u2013 www.fahrner.it<\/a><\/p>\n<h3>Photo credit<\/h3>\n<ul>\n<li>Christa Pircher<\/li>\n<li>Tourismusverein Passeiertal<\/li>\n<\/ul>\n<p>&nbsp;<\/p>\n<p><strong>Esclusione dalla responsabilit\u00e0<\/strong><br \/>\nMolti \u201elink\u201c conducono dalla pagina internet (\u201eInternetsite\u201c) a pagine esterne gestite e\/o pubblicate da esercizi esterni. Queste pagine non possono essere controllate da noi. Per questo motivo non possiamo assumerci nessuna responsabilit\u00e0 sull\u2019eventuale contenuto. Solo gli esercizi esterni sono responsabili del contenuto di dette pagine. Al momento della messa in rete della nostra pagina web non sono stati riscontrati contenuti illegali Ci dissociamo da eventuali prese di posizioni contenute nei link esterni. Il nostro sito web viene attualizzato regolarmente. Tuttavia non possiamo garantire la piena esattezza, conformit\u00e0, legittimit\u00e0, attualit\u00e0 e completezza dei dati ivi contenuti.<\/p>\n<p><strong>Indicazioni importanti<br \/>\n<\/strong>Tutte le informazioni contenute nella pagina sono protette da diritti d\u2019autore e di propriet\u00e0. L\u2019uso e la diffusione sono riservate esclusivamente ad uso personale. Ogni uso diverso deve essere consentito per iscritto. Questo riguarda soprattutto la riproduzione, traduzione, la riproduzione cinematografica, memorizzazione e diffusione mediate mezzi elettronici.<\/p>\n<p><strong>Informazione obbligatoria ai sensi del Regolamento UE n. 524\/2016 del Parlamento europeo e del Consiglio<\/strong><br \/>\nPiattaforma per la risoluzione delle controversie online dei consumatori (ODR) della Commissione europea: <a href=\"https:\/\/ec.europa.eu\/consumers\/odr\/main\/index.cfm?event=main.home2.show&amp;lng=DE\" target=\"_blank\" rel=\"noopener\">http:\/\/ec.europa.eu\/consumers\/odr\/<\/a><\/p>\n","protected":false},"excerpt":{"rendered":"<p>NOTE LEGALI Proprietario del sito RADLSTADL Radstation &amp; Camping Saltaus KG der Pircher Christa &amp; Co. Via Passo Giovo 170 39010 Rifiano a Saltusio Alto Adige Italia radlstadl@campingsaltaus.it Partita IVA&#8230;<\/p>\n","protected":false},"author":1,"featured_media":0,"parent":0,"menu_order":92,"comment_status":"closed","ping_status":"closed","template":"","meta":{"footnotes":""},"class_list":["post-649","page","type-page","status-publish"],"yoast_head":"<!-- This site is optimized with the Yoast SEO plugin v26.4 - https:\/\/yoast.com\/wordpress\/plugins\/seo\/ -->\n<title>Note legali - BAR RADLSTADL + CAMPING SALTAUS<\/title>\n<meta name=\"robots\" content=\"index, follow, max-snippet:-1, max-image-preview:large, max-video-preview:-1\" \/>\n<link rel=\"canonical\" href=\"https:\/\/campingsaltaus.it\/impressum\/\" \/>\n<meta property=\"og:locale\" content=\"it_IT\" \/>\n<meta property=\"og:type\" content=\"article\" \/>\n<meta property=\"og:title\" content=\"Note legali - BAR RADLSTADL + CAMPING SALTAUS\" \/>\n<meta property=\"og:description\" content=\"NOTE LEGALI Proprietario del sito RADLSTADL Radstation &amp; Camping Saltaus KG der Pircher Christa &amp; Co. Via Passo Giovo 170 39010 Rifiano a Saltusio Alto Adige Italia radlstadl@campingsaltaus.it Partita IVA...\" \/>\n<meta property=\"og:url\" content=\"https:\/\/campingsaltaus.it\/impressum\/\" \/>\n<meta property=\"og:site_name\" content=\"BAR RADLSTADL + CAMPING SALTAUS\" \/>\n<meta property=\"article:modified_time\" content=\"2022-02-23T14:18:26+00:00\" \/>\n<meta name=\"twitter:card\" content=\"summary_large_image\" \/>\n<meta name=\"twitter:label1\" content=\"Est. reading time\" \/>\n\t<meta name=\"twitter:data1\" content=\"1 minute\" \/>\n<script type=\"application\/ld+json\" class=\"yoast-schema-graph\">{\"@context\":\"https:\/\/schema.org\",\"@graph\":[{\"@type\":\"WebPage\",\"@id\":\"https:\/\/campingsaltaus.it\/impressum\/\",\"url\":\"https:\/\/campingsaltaus.it\/impressum\/\",\"name\":\"Note legali - BAR RADLSTADL + CAMPING SALTAUS\",\"isPartOf\":{\"@id\":\"https:\/\/campingsaltaus.it\/#website\"},\"datePublished\":\"2022-02-04T08:54:41+00:00\",\"dateModified\":\"2022-02-23T14:18:26+00:00\",\"breadcrumb\":{\"@id\":\"https:\/\/campingsaltaus.it\/impressum\/#breadcrumb\"},\"inLanguage\":\"it-IT\",\"potentialAction\":[{\"@type\":\"ReadAction\",\"target\":[\"https:\/\/campingsaltaus.it\/impressum\/\"]}]},{\"@type\":\"BreadcrumbList\",\"@id\":\"https:\/\/campingsaltaus.it\/impressum\/#breadcrumb\",\"itemListElement\":[{\"@type\":\"ListItem\",\"position\":1,\"name\":\"Startseite\",\"item\":\"https:\/\/campingsaltaus.it\/\"},{\"@type\":\"ListItem\",\"position\":2,\"name\":\"Note legali\"}]},{\"@type\":\"WebSite\",\"@id\":\"https:\/\/campingsaltaus.it\/#website\",\"url\":\"https:\/\/campingsaltaus.it\/\",\"name\":\"BAR RADLSTADL + CAMPING SALTAUS\",\"description\":\"Minicamping und Radstation - Radlstadl Camping Saltaus bei Meran in Passeier\",\"potentialAction\":[{\"@type\":\"SearchAction\",\"target\":{\"@type\":\"EntryPoint\",\"urlTemplate\":\"https:\/\/campingsaltaus.it\/?s={search_term_string}\"},\"query-input\":{\"@type\":\"PropertyValueSpecification\",\"valueRequired\":true,\"valueName\":\"search_term_string\"}}],\"inLanguage\":\"it-IT\"}]}<\/script>\n<!-- \/ Yoast SEO plugin. -->","yoast_head_json":{"title":"Note legali - BAR RADLSTADL + CAMPING SALTAUS","robots":{"index":"index","follow":"follow","max-snippet":"max-snippet:-1","max-image-preview":"max-image-preview:large","max-video-preview":"max-video-preview:-1"},"canonical":"https:\/\/campingsaltaus.it\/impressum\/","og_locale":"it_IT","og_type":"article","og_title":"Note legali - BAR RADLSTADL + CAMPING SALTAUS","og_description":"NOTE LEGALI Proprietario del sito RADLSTADL Radstation &amp; Camping Saltaus KG der Pircher Christa &amp; Co. Via Passo Giovo 170 39010 Rifiano a Saltusio Alto Adige Italia radlstadl@campingsaltaus.it Partita IVA...","og_url":"https:\/\/campingsaltaus.it\/impressum\/","og_site_name":"BAR RADLSTADL + CAMPING SALTAUS","article_modified_time":"2022-02-23T14:18:26+00:00","twitter_card":"summary_large_image","twitter_misc":{"Est. reading time":"1 minute"},"schema":{"@context":"https:\/\/schema.org","@graph":[{"@type":"WebPage","@id":"https:\/\/campingsaltaus.it\/impressum\/","url":"https:\/\/campingsaltaus.it\/impressum\/","name":"Note legali - BAR RADLSTADL + CAMPING SALTAUS","isPartOf":{"@id":"https:\/\/campingsaltaus.it\/#website"},"datePublished":"2022-02-04T08:54:41+00:00","dateModified":"2022-02-23T14:18:26+00:00","breadcrumb":{"@id":"https:\/\/campingsaltaus.it\/impressum\/#breadcrumb"},"inLanguage":"it-IT","potentialAction":[{"@type":"ReadAction","target":["https:\/\/campingsaltaus.it\/impressum\/"]}]},{"@type":"BreadcrumbList","@id":"https:\/\/campingsaltaus.it\/impressum\/#breadcrumb","itemListElement":[{"@type":"ListItem","position":1,"name":"Startseite","item":"https:\/\/campingsaltaus.it\/"},{"@type":"ListItem","position":2,"name":"Note legali"}]},{"@type":"WebSite","@id":"https:\/\/campingsaltaus.it\/#website","url":"https:\/\/campingsaltaus.it\/","name":"BAR RADLSTADL + CAMPING SALTAUS","description":"Minicamping und Radstation - Radlstadl Camping Saltaus bei Meran in Passeier","potentialAction":[{"@type":"SearchAction","target":{"@type":"EntryPoint","urlTemplate":"https:\/\/campingsaltaus.it\/?s={search_term_string}"},"query-input":{"@type":"PropertyValueSpecification","valueRequired":true,"valueName":"search_term_string"}}],"inLanguage":"it-IT"}]}},"_links":{"self":[{"href":"https:\/\/campingsaltaus.it\/it\/wp-json\/wp\/v2\/pages\/649","targetHints":{"allow":["GET"]}}],"collection":[{"href":"https:\/\/campingsaltaus.it\/it\/wp-json\/wp\/v2\/pages"}],"about":[{"href":"https:\/\/campingsaltaus.it\/it\/wp-json\/wp\/v2\/types\/page"}],"author":[{"embeddable":true,"href":"https:\/\/campingsaltaus.it\/it\/wp-json\/wp\/v2\/users\/1"}],"replies":[{"embeddable":true,"href":"https:\/\/campingsaltaus.it\/it\/wp-json\/wp\/v2\/comments?post=649"}],"version-history":[{"count":0,"href":"https:\/\/campingsaltaus.it\/it\/wp-json\/wp\/v2\/pages\/649\/revisions"}],"wp:attachment":[{"href":"https:\/\/campingsaltaus.it\/it\/wp-json\/wp\/v2\/media?parent=649"}],"curies":[{"name":"wp","href":"https:\/\/api.w.org\/{rel}","templated":true}]}}