{"id":657,"date":"2021-05-04T10:07:51","date_gmt":"2021-05-04T10:07:51","guid":{"rendered":"http:\/\/campingsaltaus.it.w01de51c.kasserver.com\/privacy\/"},"modified":"2023-05-09T12:01:29","modified_gmt":"2023-05-09T12:01:29","slug":"privacy","status":"publish","type":"page","link":"https:\/\/campingsaltaus.it\/en\/privacy\/","title":{"rendered":"Privacy"},"content":{"rendered":"\r\n<h2 class=\"wp-block-heading\"><\/h2>\r\n<p><strong>DATENSCHUTZERKL\u00c4RUNG<\/strong><br \/>Erf\u00fcllung der gesetzlichen Informationspflichten gem\u00e4\u00df der europ\u00e4ischen Datenschutzgrundverordnung (DSGVO)<\/p>\r\n<p>Diese Erkl\u00e4rung betrifft alle unsere G\u00e4ste und Besucher unserer Webseite. Hiermit informieren wir Sie \u00fcber Art, Umfang und Zweck der Erhebung und Verwendung Ihrer personenbezogenen Daten.<\/p>\r\n<p>Verantwortlicher f\u00fcr die Datenverarbeitung ist:<\/p>\r\n<h4 class=\"wp-block-heading\">RADLSTADL<\/h4>\r\n<div class=\"textwidget\">\r\n<p><strong>Radstation &amp; Camping Saltaus KG der Pircher Christa &amp; Co.<\/strong><br \/>Jaufenstra\u00dfe 170<br \/>39010 Riffian bei Saltaus<br \/>S\u00fcdtirol . Italien<br \/><a href=\"mailto:radlstadl@campingsaltaus.it\">radlstadl@campingsaltaus.it<\/a><\/p>\r\n<\/div>\r\n<p>MwSt. Nr. &amp; Steuernummer: 03038190215<\/p>\r\n<p>Gem\u00e4\u00df Art. 13 der europ\u00e4ischen Datenschutzgrundverordnung verarbeiten wir folgende Daten:<\/p>\r\n<p>Ihre Stammdaten (Vorname, Nachname, Adresse, Telefon, E-Mail, Geburtsdatum, Geburtsort, Sprache usw.)<br \/>Ihre Daten in Reisedokumenten und Ausweise<br \/>Ihre Daten zu Zahlungen, EC-Karten, Kreditkarten und Bankkarten<br \/>die von Ihnen angefragte Aufenthaltsdauer sowie mit dem Aufenthalt zusammenh\u00e4ngende pers\u00f6nliche Vorlieben, die Sie uns bekannt geben<br \/>Die Daten werden zur Erbringung unserer Dienstleistungen von uns gespeichert, verarbeitet und, soweit erforderlich und gesetzlich vorgeschrieben, an dritte Empf\u00e4nger (z.B. \u00f6ffentliche Beh\u00f6rden, Tourismusverein) \u00fcbermittelt. Ihre Daten werden nicht an Drittl\u00e4nder \u00fcbermittelt.<br \/>Sollten Sie sich weigern, Stammdaten, Daten der Reisedokumente und Bankdaten bekannt zu geben, ist es uns nicht m\u00f6glich, die vertraglichen Verpflichtungen zu erf\u00fcllen und Sie in unserem Betrieb zu beherbergen. Profiling und automatisierte Entscheidungen setzen wir nicht ein.<\/p>\r\n<p><strong>Die Rechtsgrundlagen f\u00fcr diese Datenverarbeitungsprozesse sind:<\/strong><\/p>\r\n<p>die Erf\u00fcllung unserer vorvertraglichen und vertraglichen Verpflichtungen Ihnen gegen\u00fcber<br \/>von Ihnen eingeholte Einwilligungen<br \/>gesetzliche, vertragliche oder sonstige rechtliche Verpflichtungen unsererseits (z.B. Dokumentationsrechte und -pflichten nach dem Rechnungswesen, Steuer- und Zollrecht, Vertragswesen, Meldewesen, oder Rechtsstreitigkeiten)<br \/>unsere berechtigten Interessen (z.B. die Verbesserung unseres Kundenservices, auch im Bereich der Direktwerbung, oder die Wahrnehmung unserer eigenen rechtlichen Interessen).<br \/>Die Dauer der Speicherung bemisst sich nach der Dauer unserer Gesch\u00e4ftsbeziehung, den von Ihnen erteilten Einwilligungen, dar\u00fcber hinaus nach den f\u00fcr uns geltenden gesetzlichen Aufbewahrungspflichten und rechtlichen Verpflichtungen.<\/p>\r\n<p>Sie k\u00f6nnen jederzeit unentgeltlich Auskunft \u00fcber Ihre personenbezogenen Daten, die von uns gespeichert werden, verlangen. Sie haben als Betroffener auch das Recht auf Widerruf, Auskunft, L\u00f6schung, Richtigstellung, Einschr\u00e4nkung und \u00dcbertragung Ihrer personenbezogenen Daten, soweit dem keine gesetzliche Aufbewahrungspflicht unsererseits gegen\u00fcbersteht. Bei Aus\u00fcbung Ihres Widerrufsrechts werden alle Ihre Daten unwiderruflich gel\u00f6scht, sofern nicht \u00fcbergeordnete gesetzliche Bestimmungen verletzt werden.<\/p>\r\n<p>F\u00fcr n\u00e4here Informationen zu Ihren Rechten als Betroffene kontaktieren Sie uns bitte unter <a href=\"mailto:radlstadl@campingsaltaus.it\">radlstadl@campingsaltaus.it<\/a><\/p>\r\n<p>F\u00fcr Beschwerden ist als Aufsichtsbeh\u00f6rde der \u201eGarante per la protezione dei dati personali\u201c zust\u00e4ndig: Piazza di Monte Citorio n. 121 00186 ROMA, Fax: (+39) 06.69677.3785, Telefon: (+39) 06.696771, E-mail: garante@gpdp.it.<\/p>\r\n<p>\u00c4nderung unserer Datenschutzbestimmungen<br \/>Wir behalten uns vor, diese Datenschutzerkl\u00e4rung anzupassen, damit sie stets den aktuellen rechtlichen Anforderungen entspricht oder um \u00c4nderungen unserer Leistungen in der Datenschutzerkl\u00e4rung umzusetzen, z.B. bei der Einf\u00fchrung neuer Services. F\u00fcr Ihren erneuten Besuch gilt dann die neue Datenschutzerkl\u00e4rung.<\/p>\r\n<p><strong>Cookies<\/strong><\/p>\r\n<p>Wir setzen auf unserer Seite Cookies ein. Hierbei handelt es sich um kleine Dateien, die Ihr Browser automatisch erstellt und die auf Ihrem Endger\u00e4t (Laptop, Tablet, Smartphone o.\u00e4.) gespeichert werden, wenn Sie unsere Seite besuchen. Cookies richten auf Ihrem Endger\u00e4t keinen Schaden an, enthalten keine Viren, Trojaner oder sonstige Schadsoftware. In dem Cookie werden Informationen abgelegt, die sich jeweils im Zusammenhang mit dem spezifisch eingesetzten Endger\u00e4t ergeben. Dies bedeutet jedoch nicht, dass wir dadurch unmittelbar Kenntnis von Ihrer Identit\u00e4t erhalten. Der Einsatz von Cookies dient einerseits dazu, die Nutzung unseres Angebots f\u00fcr Sie angenehmer zu gestalten. So setzen wir sogenannte Session-Cookies ein, um zu erkennen, dass Sie einzelne Seiten unserer Website bereits besucht haben. Diese werden nach Verlassen unserer Seite automatisch gel\u00f6scht. Dar\u00fcber hinaus setzen wir ebenfalls zur Optimierung der Benutzerfreundlichkeit tempor\u00e4re Cookies ein, die f\u00fcr einen bestimmten festgelegten Zeitraum auf Ihrem Endger\u00e4t gespeichert werden. Besuchen Sie unsere Seite erneut, um unsere Dienste in Anspruch zu nehmen, wird automatisch erkannt, dass Sie bereits bei uns waren und welche Eingaben und Einstellungen sie get\u00e4tigt haben, um diese nicht noch einmal eingeben zu m\u00fcssen. Zum anderen setzten wir Cookies ein, um die Nutzung unserer Website statistisch zu erfassen und zum Zwecke der Optimierung unseres Angebotes f\u00fcr Sie auszuwerten (siehe Punkt 5). Diese Cookies erm\u00f6glichen es uns, bei einem erneuten Besuch unserer Seite automatisch zu erkennen, dass Sie bereits bei uns waren. Diese Cookies werden nach einer jeweils definierten Zeit automatisch gel\u00f6scht. Die durch Cookies verarbeiteten Daten sind f\u00fcr die genannten Zwecke zur Wahrung unserer berechtigten Interessen sowie der Dritter nach Art. 6 Abs. 1 S. 1 lit. f DSGVO erforderlich. Die meisten Browser akzeptieren Cookies automatisch. Sie k\u00f6nnen Ihren Browser jedoch so konfigurieren, dass keine Cookies auf Ihrem Computer gespeichert werden oder stets ein Hinweis erscheint, bevor ein neuer Cookie angelegt wird. Die vollst\u00e4ndige Deaktivierung von Cookies kann jedoch dazu f\u00fchren, dass Sie nicht alle Funktionen unserer Website nutzen k\u00f6nnen.<\/p>\r\n<p>Mehr dazu hier &gt;<\/p>\r\n<p><strong>Kontaktformular<\/strong><\/p>\r\n<div class=\"page\" title=\"Page 1\">\r\n<div class=\"layoutArea\">\r\n<div class=\"column\">\r\n<p>Sofern Sie sich dafu\u0308r entscheiden, eine Anfrage u\u0308ber das Kontaktformular zu senden, ist die Angabe bestimmter personenbezogener Daten notwendig, um Ihren Anforderungen gerecht zu werden. Dies ist auch der Grund, weshalb die jeweiligen Felder des Formulars mit einem Sternchen oder anderweitig als Pflichtdaten gekennzeichnet sind. Die Bereitstellung weiterer personenbezogener und sensibler Daten ist vo\u0308llig Ihnen u\u0308berlassen. Eine nicht erfolgte oder unvollsta\u0308ndige Bereitstellung der personenbezogenen Daten, die mit einem Sternchen oder anderweitig als Pflichtdaten gekennzeichnet sind, hat zur Folge, dass die von Ihnen angefragte Leistung oder der gewu\u0308nschte Dienst nicht ausgefu\u0308hrt werden kann. Mit dem Absenden des Formulars erkla\u0308ren Sie sich mit der Datenverarbeitung einverstanden. Ihre Daten werden fu\u0308r die Verwaltung und Beantwortung Ihrer Fragen verarbeitet und nicht la\u0308nger, als fu\u0308r die jeweiligen Verarbeitungszwecke beno\u0308tigt, gespeichert.<\/p>\r\n<p><strong>Referrer-Messung<\/strong><\/p>\r\n<p>Wir erfassen mithilfe einer sogenannten Referrer-Messung au\u00dferdem Daten, u\u0308ber welches Werbemedium\/-partner bzw. u\u0308ber welche Marketingkampagne die Besucher der Website das Kontaktformular aufgerufen haben. Dadurch ko\u0308nnen wir den Erfolg und die Performance bestimmter Werbema\u00dfnahmen entsprechend bewerten und optimieren.<\/p>\r\n<\/div>\r\n<\/div>\r\n<\/div>\r\n<p><strong>Logfiles<\/strong><br \/>Wie die meisten Websites werden auch von uns bestimmte Informationen automatisch erfasst und in Protokolldateien gespeichert. Zu diesen Informationen geh\u00f6ren Internet-Protokolladressen (IP-Adressen), Browser-Typ, Internet-Service-Provider (ISP), Verweis-\/Endseiten, Betriebssystem, Datums-\/Zeitmarken und Clickstream-Daten.<br \/>Diese Daten, auch Logfiles genannt, liegen auf den Servern der <a href=\"https:\/\/www.register.it\/\">https:\/\/www.register.it\/<\/a> in ITALIEN\u00a0und werden in der Regel nach einigen Tagen gel\u00f6scht.SSL-Verschl\u00fcsselung<\/p>\r\n<p>SSL<br \/>Um die Sicherheit Ihrer Daten bei der \u00dcbertragung zu sch\u00fctzen, verwenden wir dem aktuellen Stand der Technik entsprechende Verschl\u00fcsselungsverfahren (z. B. SSL) \u00fcber HTTPS<\/p>\r\n<p>Kontaktformular<br \/>Treten Sie bzgl. Fragen jeglicher Art per E-Mail oder Kontaktformular mit uns in Kontakt, erteilen Sie uns zum Zwecke der Kontaktaufnahme Ihre freiwillige Einwilligung. Hierf\u00fcr ist die Angabe einer validen E-Mail-Adresse erforderlich. Diese dient der Zuordnung der Anfrage und der anschlie\u00dfenden Beantwortung derselben. Die Angabe weiterer Daten ist optional. Die von Ihnen gemachten Angaben werden zum Zwecke der Bearbeitung der Anfrage sowie f\u00fcr m\u00f6gliche Anschlussfragen gespeichert. Nach Erledigung der von Ihnen gestellten Anfrage werden personenbezogene Daten automatisch gel\u00f6scht.<\/p>\r\n<p>Verwendung von externen Diensten<br \/>Diese Website benutzt die folgenden externen Tracking Dienste:<\/p>\r\n<p>Google Analytics Universal Tracking<br \/>VERWENDUNG VON GOOGLE ANALYTICS<br \/>Diese Website benutzt Google Analytics, einen Webanalysedienst der Google Inc. (\u201eGoogle\u201c). Google Analytics verwendet sog. \u201eCookies\u201c, Textdateien, die auf Ihrem Computer gespeichert werden und die eine Analyse der Benutzung der Website durch Sie erm\u00f6glichen. Die durch den Cookie erzeugten Informationen \u00fcber Ihre Benutzung dieser Website werden in der Regel an einen Server von Google in den USA \u00fcbertragen und dort gespeichert. Durch die Aktivierung der IP-Anonymisierung auf dieser Webseite, wird Ihre IP-Adresse von Google jedoch innerhalb von Mitgliedstaaten der Europ\u00e4ischen Union oder in anderen Vertragsstaaten des Abkommens \u00fcber den Europ\u00e4ischen Wirtschaftsraum zuvor gek\u00fcrzt. Nur in Ausnahmef\u00e4llen wird die volle IP-Adresse an einen Server von Google in den USA \u00fcbertragen und dort gek\u00fcrzt.<br \/>Im Auftrag des Betreibers dieser Website wird Google diese Informationen benutzen, um Ihre Nutzung der Website auszuwerten, um Reports \u00fcber die Website-Aktivit\u00e4ten zusammenzustellen und um weitere mit der Website-Nutzung und der Internetnutzung verbundene Dienstleistungen gegen\u00fcber dem Websitebetreiber zu erbringen. Die im Rahmen von Google Analytics von Ihrem Browser \u00fcbermittelte IP-Adresse wird nicht mit anderen Daten von Google zusammengef\u00fchrt.<\/p>\r\n<p>Sie k\u00f6nnen die Speicherung der Cookies durch eine entsprechende Einstellung Ihrer Browser-Software verhindern. Bitte beachten Sie, dass Sie in diesem Fall m\u00f6glicherweise nicht s\u00e4mtliche Funktionen dieser Website werden nutzen k\u00f6nnen.<\/p>\r\n<p>Die Erfassung der Daten Ihre Nutzung dieser Website (inkl. Ihrer IP-Adresse) sowie die Verarbeitung dieser Daten durch Google k\u00f6nnen Sie verhindern, indem sie das unter dem folgenden Link https:\/\/tools.google.com\/dlpage\/gaoptout?hl=de verf\u00fcgbare Browser-Plugin herunterladen und installieren.<\/p>\r\n<p>Sie k\u00f6nnen die Erfassung durch Google Analytics weiterhin dadurch verhindern, indem Sie auf folgenden Link klicken. Es wird ein Opt-Out-Cookie gesetzt, welches die zuk\u00fcnftige Erfassung Ihrer Daten beim Besuch dieser Website verhindert: Google Analytics deaktivieren.<\/p>\r\n<p>N\u00e4here Informationen zu Nutzungsbedingungen und Datenschutz von Google Analytics finden Sie unter: https:\/\/www.google.com\/analytics\/terms\/de.html sowie unter https:\/\/support.google.com\/analytics\/answer\/6004245?hl=de.<\/p>\r\n<p>Diese Webseite verwendet Google Analytics mittels IP-Masking, um eine anonymisierte Erfassung von IP-Adressen zu gew\u00e4hrleisten.<br \/>Bitte beachten Sie, dass wir Google Analytics weiterhin dazu nutzen, Daten aus AdWords und dem Double- Click-Cookie zu statistischen Zwecken auszuwerten. Sollten Sie dies nicht w\u00fcnschen, k\u00f6nnen Sie dies \u00fcber den Anzeigenvorgaben-Manager unter https:\/\/adssettings.google.com\/?hl=de deaktivieren.<\/p>\r\n<p>Verwendung von Scriptbibliotheken (Google Webfonts)<br \/>Um unsere Inhalte browser\u00fcbergreifend korrekt und grafisch ansprechend darzustellen, verwenden wir auf dieser Website Scriptbibliotheken und Schriftbibliotheken wie z. B. Google Webfonts (https:\/\/www.google.com\/webfonts\/). Google Webfonts werden zur Vermeidung mehrfachen Ladens in den Cache Ihres Browsers \u00fcbertragen. Falls der Browser die Google Webfonts nicht unterst\u00fctzt oder den Zugriff unterbindet, werden Inhalte in einer Standardschrift angezeigt.<br \/>Der Aufruf von Scriptbibliotheken oder Schriftbibliotheken l\u00f6st automatisch eine Verbindung zum Betreiber der Bibliothek aus. Dabei ist es theoretisch m\u00f6glich \u2013 aktuell allerdings auch unklar ob und ggf. zu welchen Zwecken \u2013 dass Betreiber entsprechender Bibliotheken Daten erheben.<br \/>Die Datenschutzrichtlinie des Bibliothekbetreibers Google finden Sie hier: https:\/\/www.google.com\/policies\/privacy\/<\/p>\r\n<p>Verwendung von Google Maps<br \/>Diese Webseite verwendet Google Maps API, um geographische Informationen visuell darzustellen. Bei der Nutzung von Google Maps werden von Google auch Daten \u00fcber die Nutzung der Kartenfunktionen durch Besucher erhoben, verarbeitet und genutzt. N\u00e4here Informationen \u00fcber die Datenverarbeitung durch Google k\u00f6nnen Sie den Google-Datenschutzhinweisen entnehmen. Dort k\u00f6nnen Sie im Datenschutzcenter auch Ihre pers\u00f6nlichen Datenschutz-Einstellungen ver\u00e4ndern.<br \/>Ausf\u00fchrliche Anleitungen zur Verwaltung der eigenen Daten im Zusammenhang mit Google-Produkten finden Sie hier.<\/p>\r\n<h2>\u00a0<\/h2>\r\n<h2><\/h2>\r\n","protected":false},"excerpt":{"rendered":"<p>DATENSCHUTZERKL\u00c4RUNGErf\u00fcllung der gesetzlichen Informationspflichten gem\u00e4\u00df der europ\u00e4ischen Datenschutzgrundverordnung (DSGVO) Diese Erkl\u00e4rung betrifft alle unsere G\u00e4ste und Besucher unserer Webseite. Hiermit informieren wir Sie \u00fcber Art, Umfang und Zweck der Erhebung&#8230;<\/p>\n","protected":false},"author":1,"featured_media":0,"parent":0,"menu_order":99,"comment_status":"closed","ping_status":"closed","template":"","meta":{"footnotes":""},"class_list":["post-657","page","type-page","status-publish"],"yoast_head":"<!-- This site is optimized with the Yoast SEO plugin v26.4 - https:\/\/yoast.com\/wordpress\/plugins\/seo\/ -->\n<title>Privacy - BAR RADLSTADL + CAMPING SALTAUS<\/title>\n<meta name=\"robots\" content=\"index, follow, max-snippet:-1, max-image-preview:large, max-video-preview:-1\" \/>\n<link rel=\"canonical\" href=\"https:\/\/campingsaltaus.it\/datenschutzerklaerung\/\" \/>\n<meta property=\"og:locale\" content=\"en_US\" \/>\n<meta property=\"og:type\" content=\"article\" \/>\n<meta property=\"og:title\" content=\"Privacy - BAR RADLSTADL + CAMPING SALTAUS\" \/>\n<meta property=\"og:description\" content=\"DATENSCHUTZERKL\u00c4RUNGErf\u00fcllung der gesetzlichen Informationspflichten gem\u00e4\u00df der europ\u00e4ischen Datenschutzgrundverordnung (DSGVO) Diese Erkl\u00e4rung betrifft alle unsere G\u00e4ste und Besucher unserer Webseite. Hiermit informieren wir Sie \u00fcber Art, Umfang und Zweck der Erhebung...\" \/>\n<meta property=\"og:url\" content=\"https:\/\/campingsaltaus.it\/datenschutzerklaerung\/\" \/>\n<meta property=\"og:site_name\" content=\"BAR RADLSTADL + CAMPING SALTAUS\" \/>\n<meta property=\"article:modified_time\" content=\"2023-05-09T12:01:29+00:00\" \/>\n<meta name=\"twitter:card\" content=\"summary_large_image\" \/>\n<meta name=\"twitter:label1\" content=\"Est. reading time\" \/>\n\t<meta name=\"twitter:data1\" content=\"9 minutes\" \/>\n<script type=\"application\/ld+json\" class=\"yoast-schema-graph\">{\"@context\":\"https:\/\/schema.org\",\"@graph\":[{\"@type\":\"WebPage\",\"@id\":\"https:\/\/campingsaltaus.it\/datenschutzerklaerung\/\",\"url\":\"https:\/\/campingsaltaus.it\/datenschutzerklaerung\/\",\"name\":\"Privacy - BAR RADLSTADL + CAMPING SALTAUS\",\"isPartOf\":{\"@id\":\"https:\/\/campingsaltaus.it\/#website\"},\"datePublished\":\"2021-05-04T10:07:51+00:00\",\"dateModified\":\"2023-05-09T12:01:29+00:00\",\"breadcrumb\":{\"@id\":\"https:\/\/campingsaltaus.it\/datenschutzerklaerung\/#breadcrumb\"},\"inLanguage\":\"en-US\",\"potentialAction\":[{\"@type\":\"ReadAction\",\"target\":[\"https:\/\/campingsaltaus.it\/datenschutzerklaerung\/\"]}]},{\"@type\":\"BreadcrumbList\",\"@id\":\"https:\/\/campingsaltaus.it\/datenschutzerklaerung\/#breadcrumb\",\"itemListElement\":[{\"@type\":\"ListItem\",\"position\":1,\"name\":\"Startseite\",\"item\":\"https:\/\/campingsaltaus.it\/en\/\"},{\"@type\":\"ListItem\",\"position\":2,\"name\":\"Privacy\"}]},{\"@type\":\"WebSite\",\"@id\":\"https:\/\/campingsaltaus.it\/#website\",\"url\":\"https:\/\/campingsaltaus.it\/\",\"name\":\"BAR RADLSTADL + CAMPING SALTAUS\",\"description\":\"Minicamping und Radstation - Radlstadl Camping Saltaus bei Meran in Passeier\",\"potentialAction\":[{\"@type\":\"SearchAction\",\"target\":{\"@type\":\"EntryPoint\",\"urlTemplate\":\"https:\/\/campingsaltaus.it\/?s={search_term_string}\"},\"query-input\":{\"@type\":\"PropertyValueSpecification\",\"valueRequired\":true,\"valueName\":\"search_term_string\"}}],\"inLanguage\":\"en-US\"}]}<\/script>\n<!-- \/ Yoast SEO plugin. -->","yoast_head_json":{"title":"Privacy - BAR RADLSTADL + CAMPING SALTAUS","robots":{"index":"index","follow":"follow","max-snippet":"max-snippet:-1","max-image-preview":"max-image-preview:large","max-video-preview":"max-video-preview:-1"},"canonical":"https:\/\/campingsaltaus.it\/datenschutzerklaerung\/","og_locale":"en_US","og_type":"article","og_title":"Privacy - BAR RADLSTADL + CAMPING SALTAUS","og_description":"DATENSCHUTZERKL\u00c4RUNGErf\u00fcllung der gesetzlichen Informationspflichten gem\u00e4\u00df der europ\u00e4ischen Datenschutzgrundverordnung (DSGVO) Diese Erkl\u00e4rung betrifft alle unsere G\u00e4ste und Besucher unserer Webseite. Hiermit informieren wir Sie \u00fcber Art, Umfang und Zweck der Erhebung...","og_url":"https:\/\/campingsaltaus.it\/datenschutzerklaerung\/","og_site_name":"BAR RADLSTADL + CAMPING SALTAUS","article_modified_time":"2023-05-09T12:01:29+00:00","twitter_card":"summary_large_image","twitter_misc":{"Est. reading time":"9 minutes"},"schema":{"@context":"https:\/\/schema.org","@graph":[{"@type":"WebPage","@id":"https:\/\/campingsaltaus.it\/datenschutzerklaerung\/","url":"https:\/\/campingsaltaus.it\/datenschutzerklaerung\/","name":"Privacy - BAR RADLSTADL + CAMPING SALTAUS","isPartOf":{"@id":"https:\/\/campingsaltaus.it\/#website"},"datePublished":"2021-05-04T10:07:51+00:00","dateModified":"2023-05-09T12:01:29+00:00","breadcrumb":{"@id":"https:\/\/campingsaltaus.it\/datenschutzerklaerung\/#breadcrumb"},"inLanguage":"en-US","potentialAction":[{"@type":"ReadAction","target":["https:\/\/campingsaltaus.it\/datenschutzerklaerung\/"]}]},{"@type":"BreadcrumbList","@id":"https:\/\/campingsaltaus.it\/datenschutzerklaerung\/#breadcrumb","itemListElement":[{"@type":"ListItem","position":1,"name":"Startseite","item":"https:\/\/campingsaltaus.it\/en\/"},{"@type":"ListItem","position":2,"name":"Privacy"}]},{"@type":"WebSite","@id":"https:\/\/campingsaltaus.it\/#website","url":"https:\/\/campingsaltaus.it\/","name":"BAR RADLSTADL + CAMPING SALTAUS","description":"Minicamping und Radstation - Radlstadl Camping Saltaus bei Meran in Passeier","potentialAction":[{"@type":"SearchAction","target":{"@type":"EntryPoint","urlTemplate":"https:\/\/campingsaltaus.it\/?s={search_term_string}"},"query-input":{"@type":"PropertyValueSpecification","valueRequired":true,"valueName":"search_term_string"}}],"inLanguage":"en-US"}]}},"_links":{"self":[{"href":"https:\/\/campingsaltaus.it\/en\/wp-json\/wp\/v2\/pages\/657","targetHints":{"allow":["GET"]}}],"collection":[{"href":"https:\/\/campingsaltaus.it\/en\/wp-json\/wp\/v2\/pages"}],"about":[{"href":"https:\/\/campingsaltaus.it\/en\/wp-json\/wp\/v2\/types\/page"}],"author":[{"embeddable":true,"href":"https:\/\/campingsaltaus.it\/en\/wp-json\/wp\/v2\/users\/1"}],"replies":[{"embeddable":true,"href":"https:\/\/campingsaltaus.it\/en\/wp-json\/wp\/v2\/comments?post=657"}],"version-history":[{"count":0,"href":"https:\/\/campingsaltaus.it\/en\/wp-json\/wp\/v2\/pages\/657\/revisions"}],"wp:attachment":[{"href":"https:\/\/campingsaltaus.it\/en\/wp-json\/wp\/v2\/media?parent=657"}],"curies":[{"name":"wp","href":"https:\/\/api.w.org\/{rel}","templated":true}]}}