{"id":655,"date":"2022-02-04T08:55:32","date_gmt":"2022-02-04T08:55:32","guid":{"rendered":"http:\/\/campingsaltaus.it.w01de51c.kasserver.com\/cookies\/"},"modified":"2022-03-18T08:38:48","modified_gmt":"2022-03-18T08:38:48","slug":"cookies","status":"publish","type":"page","link":"https:\/\/campingsaltaus.it\/en\/cookies\/","title":{"rendered":"Cookies"},"content":{"rendered":"<h2 id=\"cookies\">Cookies<\/h2>\n<p>&nbsp;<\/p>\n<a href=\"#\" class=\"_brlbs-btn-cookie-preference borlabs-cookie-preference\">Change settings<\/a>\n<p><b>Was sind Cookies?<\/b><br \/>\nCookies sind kleine Textdateien, die auf Ihrem Computer abgelegt werden, wenn Sie bestimmte Websites besuchen.<\/p>\n<p>Wir verwenden Cookies f\u00fcr die Website und -Subdomains \u2013 wobei wir den Benutzer um seine Zustimmung bitten, wo dies ausdr\u00fccklich per Gesetz oder anderen einschl\u00e4gigen Bestimmungen verlangt wird \u2013, um dem Benutzer das Navigieren zu erleichtern und die an den Benutzer \u00fcbermittelten Informationen zu personalisieren. Wir verwenden dar\u00fcber hinaus entsprechende Systeme, um Informationen \u00fcber den Benutzer zu sammeln, wie zum Beispiel seine IP-Adresse, den verwendeten Browser und das Betriebssystem und\/oder von einem Benutzer besuchte Websites f\u00fcr Sicherheits- und Statistikzwecke.<\/p>\n<p>Wenn Sie entscheiden, Cookies zu deaktivieren oder abzulehnen, k\u00f6nnen Sie auf einige Teile der unserer Website und mit ihr verbundener Subdomains m\u00f6glicherweise nicht zugreifen oder sie funktionieren nicht ordnungsgem\u00e4\u00df.<\/p>\n<p>Um eine vollst\u00e4ndige und problemlose Nutzung dieser Website zu gew\u00e4hrleisten, sollten Sie Ihren Browser so einrichten, dass er diese Cookies akzeptiert. Die Cookies stellen f\u00fcr Ihren Computer, Ihr Tablet oder Ihr Smartphone keine Gefahr dar. Die von unserer Webseite erzeugten Cookies enthalten keine personenbezogenen Informationen, die zur Identifizierung des Benutzers verwendet werden k\u00f6nnen, sondern nur verschl\u00fcsselte Daten.<\/p>\n<p>Die Website und mit ihr verbundene Subdomains verwenden die folgenden Arten von Cookies:<\/p>\n<p><b>Navigationscookies<\/b><br \/>\nDiese Cookies erm\u00f6glichen die Navigation auf der Website und die Nutzung ihrer Funktionen. Ohne Cookies k\u00f6nnen Sie m\u00f6glicherweise nicht auf diese Funktionen zugreifen oder sie funktionieren nicht ordnungsgem\u00e4\u00df.<br \/>\nDie absolut n\u00f6tigen Cookies dienen dazu, eine Kennung zu speichern, sodass wir jeden Benutzer eindeutig identifizieren und einen einheitlichen und genau abgestimmten Dienst bereitstellen k\u00f6nnen.<\/p>\n<p><b>Leistungscookies<\/b><br \/>\nDiese Cookies k\u00f6nnen von uns selbst oder von einem unserer Partner stammen; es kann sich dabei um Sitzungscookies oder um permanente Cookies handeln. Sie dienen nur der Website-Performance und Verbesserung. Diese Cookies sammeln keine Informationen, mit denen der Benutzer identifiziert werden kann. Alle Informationen, die mithilfe dieser Cookies gesammelt werden, werden in anonymer Form zusammengefasst und nur zur Verbesserung der Funktionalit\u00e4t der Website genutzt<\/p>\n<p><b>Funktionscookies<\/b><br \/>\nCookies werden normalerweise infolge einer Handlung des Benutzers auf seinem Computer abgelegt, jedoch k\u00f6nnen sie auch empfangen werden, wenn dem Benutzer ein Dienst angeboten wird, ohne dass dieser ausdr\u00fccklich angefordert wurde. Sie k\u00f6nnen dazu dienen zu verhindern, dass derselbe Dienst demselben Benutzer mehr als einmal angeboten wird. Dar\u00fcber hinaus erm\u00f6glichen diese Cookies der Website, Entscheidungen des Benutzers nachzuhalten. Die von diesen Cookies gesammelten Informationen sind anonym und k\u00f6nnen nicht dazu verwendet werden, das Verhalten des Benutzers auf anderen Websites zu beurteilen.<\/p>\n<p><b>Cookies von Dritten f\u00fcr Marketing-\/Retargetingzwecke<\/b><br \/>\nDiese Cookies werden von Partnern eingesetzt, um unsere Werbung einzublenden, wenn Sie andere Websites besuchen, und zum Beispiel die Produkte anzuzeigen, die Sie sich zuletzt auf unserer Website angesehen haben. Diese Cookies k\u00f6nnen auch dazu verwendet werden, Produkte zu zeigen, die Sie m\u00f6glicherweise interessieren oder die anderen Produkten \u00e4hneln, die Sie sich zuvor angesehen haben. Diese Cookies sind nicht mit der Verarbeitung personenbezogener Informationen verbunden, k\u00f6nnen aber den Zugriff auf den Browser erm\u00f6glichen, der auf Ihrem Computer oder anderen Ger\u00e4ten installiert ist.<\/p>\n<p><strong>Ihre Cookie-Einstellung f\u00fcr diese Seite<\/strong><\/p>\n<div class=\"BorlabsCookie\" data-borlabs-cookie-consent-history><div class=\"_brlbs-responsive-table\"><table class=\"_brlbs-table\"><thead><tr><th class=\"_brlbs-table-date\" scope=\"col\">Datum<\/th><th class=\"_brlbs-table-version\" scope=\"col\">Version<\/th><th class=\"_brlbs-table-consents\" scope=\"col\">Einwilligungen<\/th><\/tr><\/thead><\/table><\/div><\/div>\n<p><strong>Beschreibung aller m\u00f6glichen Cookies dieser Seite<\/strong><\/p>\n<div class=\"BorlabsCookie\"><h3 class=\"_brlbs _brlbs-cg-essential\">Essenziell<\/h3><p class=\"_brlbs _brlbs-cg-essential\">Essenzielle Cookies erm\u00f6glichen grundlegende Funktionen und sind f\u00fcr die einwandfreie Funktion der Website erforderlich.<\/p><h4 class=\"_brlbs _brlbs-c-borlabs-cookie\">Borlabs Cookie<\/h4><div class=\"_brlbs-responsive-table\"><table class=\"_brlbs _brlbs-c-borlabs-cookie\"><tr><th scope=\"row\">Name<\/th><td>Borlabs Cookie<\/td><\/tr><tr><th scope=\"row\">Anbieter<\/th><td>Eigent\u00fcmer dieser Website<span>, <\/span><a href=\"https:\/\/campingsaltaus.it\/en\/legal-notice\/\">Impressum<\/a><\/td><\/tr><tr><th scope=\"row\">Zweck<\/th><td>Speichert die Einstellungen der Besucher, die in der Cookie Box von Borlabs Cookie ausgew\u00e4hlt wurden.<\/td><\/tr><tr><th scope=\"row\">Cookie Name<\/th><td>borlabs-cookie<\/td><\/tr><tr><th scope=\"row\">Cookie Laufzeit<\/th><td>1 Jahr<\/td><\/tr><\/table><\/div><h3 class=\"_brlbs _brlbs-cg-statistics\">Statistiken<\/h3><p class=\"_brlbs _brlbs-cg-statistics\">Statistik Cookies erfassen Informationen anonym. Diese Informationen helfen uns zu verstehen, wie unsere Besucher unsere Website nutzen.<\/p><h3 class=\"_brlbs _brlbs-cg-marketing\">Marketing<\/h3><p class=\"_brlbs _brlbs-cg-marketing\">Marketing-Cookies werden von Drittanbietern oder Publishern verwendet, um personalisierte Werbung anzuzeigen. Sie tun dies, indem sie Besucher \u00fcber Websites hinweg verfolgen.<\/p><h3 class=\"_brlbs _brlbs-cg-external-media\">Externe Medien<\/h3><p class=\"_brlbs _brlbs-cg-external-media\">Inhalte von Videoplattformen und Social-Media-Plattformen werden standardm\u00e4\u00dfig blockiert. Wenn Cookies von externen Medien akzeptiert werden, bedarf der Zugriff auf diese Inhalte keiner manuellen Einwilligung mehr.<\/p><h4 class=\"_brlbs _brlbs-c-facebook\">Facebook<\/h4><div class=\"_brlbs-responsive-table\"><table class=\"_brlbs _brlbs-c-facebook\"><tr><th scope=\"row\">Name<\/th><td>Facebook<\/td><\/tr><tr><th scope=\"row\">Anbieter<\/th><td>Meta Platforms Ireland Limited, 4 Grand Canal Square, Dublin 2, Ireland<\/td><\/tr><tr><th scope=\"row\">Zweck<\/th><td>Wird verwendet, um Facebook-Inhalte zu entsperren.<\/td><\/tr><tr><th scope=\"row\">Datenschutzerkl\u00e4rung<\/th><td><a href=\"https:\/\/www.facebook.com\/privacy\/explanation\" target=\"_blank\" rel=\"nofollow noopener noreferrer\">https:\/\/www.facebook.com\/privacy\/explanation<\/a><\/td><\/tr><tr><th scope=\"row\">Host(s)<\/th><td>.facebook.com<\/td><\/tr><\/table><\/div><h4 class=\"_brlbs _brlbs-c-googlemaps\">Google Maps<\/h4><div class=\"_brlbs-responsive-table\"><table class=\"_brlbs _brlbs-c-googlemaps\"><tr><th scope=\"row\">Name<\/th><td>Google Maps<\/td><\/tr><tr><th scope=\"row\">Anbieter<\/th><td>Google Ireland Limited, Gordon House, Barrow Street, Dublin 4, Ireland<\/td><\/tr><tr><th scope=\"row\">Zweck<\/th><td>Wird zum Entsperren von Google Maps-Inhalten verwendet.<\/td><\/tr><tr><th scope=\"row\">Datenschutzerkl\u00e4rung<\/th><td><a href=\"https:\/\/policies.google.com\/privacy\" target=\"_blank\" rel=\"nofollow noopener noreferrer\">https:\/\/policies.google.com\/privacy<\/a><\/td><\/tr><tr><th scope=\"row\">Host(s)<\/th><td>.google.com<\/td><\/tr><tr><th scope=\"row\">Cookie Name<\/th><td>NID<\/td><\/tr><tr><th scope=\"row\">Cookie Laufzeit<\/th><td>6 Monate<\/td><\/tr><\/table><\/div><h4 class=\"_brlbs _brlbs-c-instagram\">Instagram<\/h4><div class=\"_brlbs-responsive-table\"><table class=\"_brlbs _brlbs-c-instagram\"><tr><th scope=\"row\">Name<\/th><td>Instagram<\/td><\/tr><tr><th scope=\"row\">Anbieter<\/th><td>Meta Platforms Ireland Limited, 4 Grand Canal Square, Dublin 2, Ireland<\/td><\/tr><tr><th scope=\"row\">Zweck<\/th><td>Wird verwendet, um Instagram-Inhalte zu entsperren.<\/td><\/tr><tr><th scope=\"row\">Datenschutzerkl\u00e4rung<\/th><td><a href=\"https:\/\/www.instagram.com\/legal\/privacy\/\" target=\"_blank\" rel=\"nofollow noopener noreferrer\">https:\/\/www.instagram.com\/legal\/privacy\/<\/a><\/td><\/tr><tr><th scope=\"row\">Host(s)<\/th><td>.instagram.com<\/td><\/tr><tr><th scope=\"row\">Cookie Name<\/th><td>pigeon_state<\/td><\/tr><tr><th scope=\"row\">Cookie Laufzeit<\/th><td>Sitzung<\/td><\/tr><\/table><\/div><h4 class=\"_brlbs _brlbs-c-openstreetmap\">OpenStreetMap<\/h4><div class=\"_brlbs-responsive-table\"><table class=\"_brlbs _brlbs-c-openstreetmap\"><tr><th scope=\"row\">Name<\/th><td>OpenStreetMap<\/td><\/tr><tr><th scope=\"row\">Anbieter<\/th><td>Openstreetmap Foundation, St John\u2019s Innovation Centre, Cowley Road, Cambridge CB4 0WS, United Kingdom<\/td><\/tr><tr><th scope=\"row\">Zweck<\/th><td>Wird verwendet, um OpenStreetMap-Inhalte zu entsperren.<\/td><\/tr><tr><th scope=\"row\">Datenschutzerkl\u00e4rung<\/th><td><a href=\"https:\/\/wiki.osmfoundation.org\/wiki\/Privacy_Policy\" target=\"_blank\" rel=\"nofollow noopener noreferrer\">https:\/\/wiki.osmfoundation.org\/wiki\/Privacy_Policy<\/a><\/td><\/tr><tr><th scope=\"row\">Host(s)<\/th><td>.openstreetmap.org<\/td><\/tr><tr><th scope=\"row\">Cookie Name<\/th><td>_osm_location, _osm_session, _osm_totp_token, _osm_welcome, _pk_id., _pk_ref., _pk_ses., qos_token<\/td><\/tr><tr><th scope=\"row\">Cookie Laufzeit<\/th><td>1-10 Jahre<\/td><\/tr><\/table><\/div><h4 class=\"_brlbs _brlbs-c-twitter\">Twitter<\/h4><div class=\"_brlbs-responsive-table\"><table class=\"_brlbs _brlbs-c-twitter\"><tr><th scope=\"row\">Name<\/th><td>Twitter<\/td><\/tr><tr><th scope=\"row\">Anbieter<\/th><td>Twitter International Company, One Cumberland Place, Fenian Street, Dublin 2, D02 AX07, Ireland<\/td><\/tr><tr><th scope=\"row\">Zweck<\/th><td>Wird verwendet, um Twitter-Inhalte zu entsperren.<\/td><\/tr><tr><th scope=\"row\">Datenschutzerkl\u00e4rung<\/th><td><a href=\"https:\/\/twitter.com\/privacy\" target=\"_blank\" rel=\"nofollow noopener noreferrer\">https:\/\/twitter.com\/privacy<\/a><\/td><\/tr><tr><th scope=\"row\">Host(s)<\/th><td>.twimg.com, .twitter.com<\/td><\/tr><tr><th scope=\"row\">Cookie Name<\/th><td>__widgetsettings, local_storage_support_test<\/td><\/tr><tr><th scope=\"row\">Cookie Laufzeit<\/th><td>Unbegrenzt<\/td><\/tr><\/table><\/div><h4 class=\"_brlbs _brlbs-c-vimeo\">Vimeo<\/h4><div class=\"_brlbs-responsive-table\"><table class=\"_brlbs _brlbs-c-vimeo\"><tr><th scope=\"row\">Name<\/th><td>Vimeo<\/td><\/tr><tr><th scope=\"row\">Anbieter<\/th><td>Vimeo Inc., 555 West 18th Street, New York, New York 10011, USA<\/td><\/tr><tr><th scope=\"row\">Zweck<\/th><td>Wird verwendet, um Vimeo-Inhalte zu entsperren.<\/td><\/tr><tr><th scope=\"row\">Datenschutzerkl\u00e4rung<\/th><td><a href=\"https:\/\/vimeo.com\/privacy\" target=\"_blank\" rel=\"nofollow noopener noreferrer\">https:\/\/vimeo.com\/privacy<\/a><\/td><\/tr><tr><th scope=\"row\">Host(s)<\/th><td>player.vimeo.com<\/td><\/tr><tr><th scope=\"row\">Cookie Name<\/th><td>vuid<\/td><\/tr><tr><th scope=\"row\">Cookie Laufzeit<\/th><td>2 Jahre<\/td><\/tr><\/table><\/div><h4 class=\"_brlbs _brlbs-c-youtube\">YouTube<\/h4><div class=\"_brlbs-responsive-table\"><table class=\"_brlbs _brlbs-c-youtube\"><tr><th scope=\"row\">Name<\/th><td>YouTube<\/td><\/tr><tr><th scope=\"row\">Anbieter<\/th><td>Google Ireland Limited, Gordon House, Barrow Street, Dublin 4, Ireland<\/td><\/tr><tr><th scope=\"row\">Zweck<\/th><td>Wird verwendet, um YouTube-Inhalte zu entsperren.<\/td><\/tr><tr><th scope=\"row\">Datenschutzerkl\u00e4rung<\/th><td><a href=\"https:\/\/policies.google.com\/privacy\" target=\"_blank\" rel=\"nofollow noopener noreferrer\">https:\/\/policies.google.com\/privacy<\/a><\/td><\/tr><tr><th scope=\"row\">Host(s)<\/th><td>google.com<\/td><\/tr><tr><th scope=\"row\">Cookie Name<\/th><td>NID<\/td><\/tr><tr><th scope=\"row\">Cookie Laufzeit<\/th><td>6 Monate<\/td><\/tr><\/table><\/div><\/div>\n<p>\u2014\u2014\u2014\u2014\u2014<\/p>\n<p><strong>Cookies von Drittanbietern<\/strong> auf dieser Webseite sind beispielsweise:<\/p>\n<ul>\n<li>Google Analytics<\/li>\n<\/ul>\n<p>&nbsp;<\/p>\n<p><b>Cookies deaktivieren<\/b><br \/>\nDatenschutzgesetze geben Benutzern die M\u00f6glichkeit, Cookies zu deaktivieren (\u201eopt out\u201c), die bereits auf ihrem Ger\u00e4t installiert sind. Diese Option gilt f\u00fcr \u201etechnische Cookies\u201c (Art. 122 des italienischen Datenschutzgesetzes) und andere Cookies, die der Benutzer zuvor akzeptiert (\u201eopt in\u201c) hat. Der Benutzer kann Cookies anhand von Browsereinstellungen deaktivieren und\/oder l\u00f6schen (\u201eopt out\u201c)<\/p>\n<p>So deaktivieren Sie Cookies<\/p>\n<p><b>Internet Explorer<\/b><br \/>\nBlockieren oder Zulassen aller Cookies<\/p>\n<ol>\n<li>\u00d6ffnen Sie Internet Explorer, indem Sie auf die Schaltfl\u00e4che Start klicken und dann auf Internet Explorer klicken.<\/li>\n<li>Klicken Sie auf die Schaltfl\u00e4che Extras und dann auf Internetoptionen.<\/li>\n<li>Klicken Sie auf die Registerkarte Datenschutz, und verschieben Sie dann unter Einstellungen den Schiebregler nach oben, um alle Cookies zu blockieren, oder nach unten, um alle zuzulassen. Klicken Sie anschlie\u00dfend auf OK.<br \/>\nDas Blockieren von Cookies kann dazu f\u00fchren, dass manche Webseiten nicht korrekt angezeigt werden.<\/li>\n<\/ol>\n<p><b>Firefox<\/b><br \/>\nUm die Cookies aller Websites zu blockieren, gehen Sie wie folgt vor:<\/p>\n<ol>\n<li>Klicken Sie auf die Men\u00fcschaltfl\u00e4che und w\u00e4hlen Sie Einstellungen.<\/li>\n<li>Gehen Sie zum Abschnitt Datenschutz.<\/li>\n<li>Setzen Sie die Auswahlliste neben Firefox wird eine Chronik: auf nach benutzerdefinierten Einstellungen anlegen.<\/li>\n<li>Entfernen Sie das H\u00e4kchen bei Cookies akzeptieren. Klicken Sie auf OK.<\/li>\n<\/ol>\n<p><b>Google Chrome<\/b><\/p>\n<ol>\n<li>W\u00e4hlen Sie das Chrome-Men\u00fcsymbol aus.<\/li>\n<li>W\u00e4hlen Sie Einstellungen aus.<\/li>\n<li>W\u00e4hlen Sie unten auf der Seite Erweiterte Einstellungen anzeigen aus.<\/li>\n<li>W\u00e4hlen Sie im Abschnitt \u201eDatenschutz\u201c die Option Inhaltseinstellungen aus.<\/li>\n<li>W\u00e4hlen Sie Speicherung von Daten f\u00fcr alle Websites blockieren aus.<\/li>\n<li>W\u00e4hlen Sie Fertig aus.<\/li>\n<\/ol>\n<p>Einzelne nicht technische Cookies von Dritten k\u00f6nnen vom Benutzer auch deaktiviert und\/oder gel\u00f6scht werden, wie auf der Website der European Interactive Digital Advertising Alliance erkl\u00e4rt wird: <a href=\"http:\/\/www.youronlinechoices.eu\/\">www.youronlinechoices.eu<\/a><\/p>\n","protected":false},"excerpt":{"rendered":"<p>Cookies &nbsp; Was sind Cookies? Cookies sind kleine Textdateien, die auf Ihrem Computer abgelegt werden, wenn Sie bestimmte Websites besuchen. Wir verwenden Cookies f\u00fcr die Website und -Subdomains \u2013 wobei&#8230;<\/p>\n","protected":false},"author":1,"featured_media":0,"parent":0,"menu_order":95,"comment_status":"closed","ping_status":"closed","template":"","meta":{"footnotes":""},"class_list":["post-655","page","type-page","status-publish"],"yoast_head":"<!-- This site is optimized with the Yoast SEO plugin v26.4 - https:\/\/yoast.com\/wordpress\/plugins\/seo\/ -->\n<title>Cookies - BAR RADLSTADL + CAMPING SALTAUS<\/title>\n<meta name=\"robots\" content=\"index, follow, max-snippet:-1, max-image-preview:large, max-video-preview:-1\" \/>\n<link rel=\"canonical\" href=\"https:\/\/campingsaltaus.it\/en\/cookies\/\" \/>\n<meta property=\"og:locale\" content=\"en_US\" \/>\n<meta property=\"og:type\" content=\"article\" \/>\n<meta property=\"og:title\" content=\"Cookies - BAR RADLSTADL + CAMPING SALTAUS\" \/>\n<meta property=\"og:description\" content=\"Cookies &nbsp; Was sind Cookies? Cookies sind kleine Textdateien, die auf Ihrem Computer abgelegt werden, wenn Sie bestimmte Websites besuchen. Wir verwenden Cookies f\u00fcr die Website und -Subdomains \u2013 wobei...\" \/>\n<meta property=\"og:url\" content=\"https:\/\/campingsaltaus.it\/en\/cookies\/\" \/>\n<meta property=\"og:site_name\" content=\"BAR RADLSTADL + CAMPING SALTAUS\" \/>\n<meta property=\"article:modified_time\" content=\"2022-03-18T08:38:48+00:00\" \/>\n<meta name=\"twitter:card\" content=\"summary_large_image\" \/>\n<meta name=\"twitter:label1\" content=\"Est. reading time\" \/>\n\t<meta name=\"twitter:data1\" content=\"4 minutes\" \/>\n<script type=\"application\/ld+json\" class=\"yoast-schema-graph\">{\"@context\":\"https:\/\/schema.org\",\"@graph\":[{\"@type\":\"WebPage\",\"@id\":\"https:\/\/campingsaltaus.it\/en\/cookies\/\",\"url\":\"https:\/\/campingsaltaus.it\/en\/cookies\/\",\"name\":\"Cookies - BAR RADLSTADL + CAMPING SALTAUS\",\"isPartOf\":{\"@id\":\"https:\/\/campingsaltaus.it\/#website\"},\"datePublished\":\"2022-02-04T08:55:32+00:00\",\"dateModified\":\"2022-03-18T08:38:48+00:00\",\"breadcrumb\":{\"@id\":\"https:\/\/campingsaltaus.it\/en\/cookies\/#breadcrumb\"},\"inLanguage\":\"en-US\",\"potentialAction\":[{\"@type\":\"ReadAction\",\"target\":[\"https:\/\/campingsaltaus.it\/en\/cookies\/\"]}]},{\"@type\":\"BreadcrumbList\",\"@id\":\"https:\/\/campingsaltaus.it\/en\/cookies\/#breadcrumb\",\"itemListElement\":[{\"@type\":\"ListItem\",\"position\":1,\"name\":\"Startseite\",\"item\":\"https:\/\/campingsaltaus.it\/en\/\"},{\"@type\":\"ListItem\",\"position\":2,\"name\":\"Cookies\"}]},{\"@type\":\"WebSite\",\"@id\":\"https:\/\/campingsaltaus.it\/#website\",\"url\":\"https:\/\/campingsaltaus.it\/\",\"name\":\"BAR RADLSTADL + CAMPING SALTAUS\",\"description\":\"Minicamping und Radstation - Radlstadl Camping Saltaus bei Meran in Passeier\",\"potentialAction\":[{\"@type\":\"SearchAction\",\"target\":{\"@type\":\"EntryPoint\",\"urlTemplate\":\"https:\/\/campingsaltaus.it\/?s={search_term_string}\"},\"query-input\":{\"@type\":\"PropertyValueSpecification\",\"valueRequired\":true,\"valueName\":\"search_term_string\"}}],\"inLanguage\":\"en-US\"}]}<\/script>\n<!-- \/ Yoast SEO plugin. -->","yoast_head_json":{"title":"Cookies - BAR RADLSTADL + CAMPING SALTAUS","robots":{"index":"index","follow":"follow","max-snippet":"max-snippet:-1","max-image-preview":"max-image-preview:large","max-video-preview":"max-video-preview:-1"},"canonical":"https:\/\/campingsaltaus.it\/en\/cookies\/","og_locale":"en_US","og_type":"article","og_title":"Cookies - BAR RADLSTADL + CAMPING SALTAUS","og_description":"Cookies &nbsp; Was sind Cookies? Cookies sind kleine Textdateien, die auf Ihrem Computer abgelegt werden, wenn Sie bestimmte Websites besuchen. Wir verwenden Cookies f\u00fcr die Website und -Subdomains \u2013 wobei...","og_url":"https:\/\/campingsaltaus.it\/en\/cookies\/","og_site_name":"BAR RADLSTADL + CAMPING SALTAUS","article_modified_time":"2022-03-18T08:38:48+00:00","twitter_card":"summary_large_image","twitter_misc":{"Est. reading time":"4 minutes"},"schema":{"@context":"https:\/\/schema.org","@graph":[{"@type":"WebPage","@id":"https:\/\/campingsaltaus.it\/en\/cookies\/","url":"https:\/\/campingsaltaus.it\/en\/cookies\/","name":"Cookies - BAR RADLSTADL + CAMPING SALTAUS","isPartOf":{"@id":"https:\/\/campingsaltaus.it\/#website"},"datePublished":"2022-02-04T08:55:32+00:00","dateModified":"2022-03-18T08:38:48+00:00","breadcrumb":{"@id":"https:\/\/campingsaltaus.it\/en\/cookies\/#breadcrumb"},"inLanguage":"en-US","potentialAction":[{"@type":"ReadAction","target":["https:\/\/campingsaltaus.it\/en\/cookies\/"]}]},{"@type":"BreadcrumbList","@id":"https:\/\/campingsaltaus.it\/en\/cookies\/#breadcrumb","itemListElement":[{"@type":"ListItem","position":1,"name":"Startseite","item":"https:\/\/campingsaltaus.it\/en\/"},{"@type":"ListItem","position":2,"name":"Cookies"}]},{"@type":"WebSite","@id":"https:\/\/campingsaltaus.it\/#website","url":"https:\/\/campingsaltaus.it\/","name":"BAR RADLSTADL + CAMPING SALTAUS","description":"Minicamping und Radstation - Radlstadl Camping Saltaus bei Meran in Passeier","potentialAction":[{"@type":"SearchAction","target":{"@type":"EntryPoint","urlTemplate":"https:\/\/campingsaltaus.it\/?s={search_term_string}"},"query-input":{"@type":"PropertyValueSpecification","valueRequired":true,"valueName":"search_term_string"}}],"inLanguage":"en-US"}]}},"_links":{"self":[{"href":"https:\/\/campingsaltaus.it\/en\/wp-json\/wp\/v2\/pages\/655","targetHints":{"allow":["GET"]}}],"collection":[{"href":"https:\/\/campingsaltaus.it\/en\/wp-json\/wp\/v2\/pages"}],"about":[{"href":"https:\/\/campingsaltaus.it\/en\/wp-json\/wp\/v2\/types\/page"}],"author":[{"embeddable":true,"href":"https:\/\/campingsaltaus.it\/en\/wp-json\/wp\/v2\/users\/1"}],"replies":[{"embeddable":true,"href":"https:\/\/campingsaltaus.it\/en\/wp-json\/wp\/v2\/comments?post=655"}],"version-history":[{"count":0,"href":"https:\/\/campingsaltaus.it\/en\/wp-json\/wp\/v2\/pages\/655\/revisions"}],"wp:attachment":[{"href":"https:\/\/campingsaltaus.it\/en\/wp-json\/wp\/v2\/media?parent=655"}],"curies":[{"name":"wp","href":"https:\/\/api.w.org\/{rel}","templated":true}]}}