{"id":637,"date":"2022-02-04T08:54:41","date_gmt":"2022-02-04T08:54:41","guid":{"rendered":"http:\/\/campingsaltaus.it.w01de51c.kasserver.com\/legal-notice\/"},"modified":"2022-02-23T13:50:39","modified_gmt":"2022-02-23T13:50:39","slug":"legal-notice","status":"publish","type":"page","link":"https:\/\/campingsaltaus.it\/en\/legal-notice\/","title":{"rendered":"Legal Notice"},"content":{"rendered":"<p><strong>LEGAL NOTICE<\/strong><\/p>\n<p>Proprietor of the website<\/p>\n<h4>RADLSTADL<\/h4>\n<div class=\"textwidget\">\n<p><strong>Radstation &amp; Camping Saltaus KG der Pircher Christa &amp; Co.<\/strong><br \/>\nJaufenstra\u00dfe 170<br \/>\n39010 Rifiano near Saltaus<br \/>\nSouth tyrol Italy<br \/>\n<a href=\"mailto:radlstadl@campingsaltaus.it\">radlstadl@campingsaltaus.it<\/a><\/p>\n<\/div>\n<p>Partita IVA &amp; Codice fiscale (VAT): 03038190215<\/p>\n<p><strong>Webdesign and programing<\/strong><br \/>\n<a href=\"https:\/\/fahrner.it\" target=\"_blank\" rel=\"noopener\">fahrner | web . grafik \u2013 www.fahrner.it<\/a><\/p>\n<h3>photo credit<\/h3>\n<ul>\n<li>Christa Pircher<\/li>\n<li>Tourismusverein Passeiertal<\/li>\n<\/ul>\n<p>&nbsp;<\/p>\n<p><strong>Disclaimers<\/strong><br \/>\nWir bem\u00fchen uns, auf dieser Website richtige und vollst\u00e4ndige Informationen zur Verf\u00fcgung zu stellen. Wir \u00fcbernehmen jedoch keine Haftung oder Garantie f\u00fcr die Aktualit\u00e4t, Richtigkeit und Vollst\u00e4ndigkeit der bereitgestellten Informationen. Wir behalten uns das Recht vor, ohne vorherige Ank\u00fcndigung \u00c4nderungen oder Erg\u00e4nzungen der bereitgestellten Informationen vorzunehmen. Verbindlich ist das jeweilige Angebot bzw. die Buchungsbest\u00e4tigung. F\u00fcr Inhalte externer Links \u00fcbernehmen wir, trotz sorgf\u00e4ltiger inhaltlicher Kontrolle, keine Haftung. F\u00fcr den Inhalt der verlinkten Seiten sind ausschlie\u00dflich deren Betreiber verantwortlich.<\/p>\n<p><strong>Wichtige Hinweise<br \/>\n<\/strong>Die im Rahmen dieser Internetpr\u00e4senz gelieferten Informationen sind in allen ihren Teilen urheberrechtlich gesch\u00fctzt. Die Verwendung und Verwertung ist ausschlie\u00dflich zum pers\u00f6nlichen Gebrauch erlaubt. Jede weitere Verwertung bedarf der schriftlichen Zustimmung des Betreibers. Dies betrifft insbesondere Vervielf\u00e4ltigungen, \u00dcbersetzungen, Mikroverfilmungen, Einspeicherung und Verbreitung in elektronischen Systemen.<\/p>\n<p><strong>Pflichtinformation nach EU-Verordnung Nr. 524\/2013 des Europ\u00e4ischen Parlaments und Rats<\/strong><br \/>\nPlattform zur Online-Beilegung verbraucherrechtlicher Streitigkeiten (ODR) der Europ\u00e4ischen Kommission: <a href=\"https:\/\/ec.europa.eu\/consumers\/odr\/main\/index.cfm?event=main.home2.show&amp;lng=DE\" target=\"_blank\" rel=\"noopener\">http:\/\/ec.europa.eu\/consumers\/odr\/<\/a><\/p>\n","protected":false},"excerpt":{"rendered":"<p>LEGAL NOTICE Proprietor of the website RADLSTADL Radstation &amp; Camping Saltaus KG der Pircher Christa &amp; Co. Jaufenstra\u00dfe 170 39010 Rifiano near Saltaus South tyrol Italy radlstadl@campingsaltaus.it Partita IVA &amp;&#8230;<\/p>\n","protected":false},"author":1,"featured_media":0,"parent":0,"menu_order":92,"comment_status":"closed","ping_status":"closed","template":"","meta":{"footnotes":""},"class_list":["post-637","page","type-page","status-publish"],"yoast_head":"<!-- This site is optimized with the Yoast SEO plugin v26.4 - https:\/\/yoast.com\/wordpress\/plugins\/seo\/ -->\n<title>Legal Notice - BAR RADLSTADL + CAMPING SALTAUS<\/title>\n<meta name=\"robots\" content=\"index, follow, max-snippet:-1, max-image-preview:large, max-video-preview:-1\" \/>\n<link rel=\"canonical\" href=\"https:\/\/campingsaltaus.it\/en\/legal-notice\/\" \/>\n<meta property=\"og:locale\" content=\"en_US\" \/>\n<meta property=\"og:type\" content=\"article\" \/>\n<meta property=\"og:title\" content=\"Legal Notice - BAR RADLSTADL + CAMPING SALTAUS\" \/>\n<meta property=\"og:description\" content=\"LEGAL NOTICE Proprietor of the website RADLSTADL Radstation &amp; Camping Saltaus KG der Pircher Christa &amp; Co. Jaufenstra\u00dfe 170 39010 Rifiano near Saltaus South tyrol Italy radlstadl@campingsaltaus.it Partita IVA &amp;...\" \/>\n<meta property=\"og:url\" content=\"https:\/\/campingsaltaus.it\/en\/legal-notice\/\" \/>\n<meta property=\"og:site_name\" content=\"BAR RADLSTADL + CAMPING SALTAUS\" \/>\n<meta property=\"article:modified_time\" content=\"2022-02-23T13:50:39+00:00\" \/>\n<meta name=\"twitter:card\" content=\"summary_large_image\" \/>\n<meta name=\"twitter:label1\" content=\"Est. reading time\" \/>\n\t<meta name=\"twitter:data1\" content=\"1 minute\" \/>\n<script type=\"application\/ld+json\" class=\"yoast-schema-graph\">{\"@context\":\"https:\/\/schema.org\",\"@graph\":[{\"@type\":\"WebPage\",\"@id\":\"https:\/\/campingsaltaus.it\/en\/legal-notice\/\",\"url\":\"https:\/\/campingsaltaus.it\/en\/legal-notice\/\",\"name\":\"Legal Notice - BAR RADLSTADL + CAMPING SALTAUS\",\"isPartOf\":{\"@id\":\"https:\/\/campingsaltaus.it\/#website\"},\"datePublished\":\"2022-02-04T08:54:41+00:00\",\"dateModified\":\"2022-02-23T13:50:39+00:00\",\"breadcrumb\":{\"@id\":\"https:\/\/campingsaltaus.it\/en\/legal-notice\/#breadcrumb\"},\"inLanguage\":\"en-US\",\"potentialAction\":[{\"@type\":\"ReadAction\",\"target\":[\"https:\/\/campingsaltaus.it\/en\/legal-notice\/\"]}]},{\"@type\":\"BreadcrumbList\",\"@id\":\"https:\/\/campingsaltaus.it\/en\/legal-notice\/#breadcrumb\",\"itemListElement\":[{\"@type\":\"ListItem\",\"position\":1,\"name\":\"Startseite\",\"item\":\"https:\/\/campingsaltaus.it\/en\/\"},{\"@type\":\"ListItem\",\"position\":2,\"name\":\"Legal Notice\"}]},{\"@type\":\"WebSite\",\"@id\":\"https:\/\/campingsaltaus.it\/#website\",\"url\":\"https:\/\/campingsaltaus.it\/\",\"name\":\"BAR RADLSTADL + CAMPING SALTAUS\",\"description\":\"Minicamping und Radstation - Radlstadl Camping Saltaus bei Meran in Passeier\",\"potentialAction\":[{\"@type\":\"SearchAction\",\"target\":{\"@type\":\"EntryPoint\",\"urlTemplate\":\"https:\/\/campingsaltaus.it\/?s={search_term_string}\"},\"query-input\":{\"@type\":\"PropertyValueSpecification\",\"valueRequired\":true,\"valueName\":\"search_term_string\"}}],\"inLanguage\":\"en-US\"}]}<\/script>\n<!-- \/ Yoast SEO plugin. -->","yoast_head_json":{"title":"Legal Notice - BAR RADLSTADL + CAMPING SALTAUS","robots":{"index":"index","follow":"follow","max-snippet":"max-snippet:-1","max-image-preview":"max-image-preview:large","max-video-preview":"max-video-preview:-1"},"canonical":"https:\/\/campingsaltaus.it\/en\/legal-notice\/","og_locale":"en_US","og_type":"article","og_title":"Legal Notice - BAR RADLSTADL + CAMPING SALTAUS","og_description":"LEGAL NOTICE Proprietor of the website RADLSTADL Radstation &amp; Camping Saltaus KG der Pircher Christa &amp; Co. Jaufenstra\u00dfe 170 39010 Rifiano near Saltaus South tyrol Italy radlstadl@campingsaltaus.it Partita IVA &amp;...","og_url":"https:\/\/campingsaltaus.it\/en\/legal-notice\/","og_site_name":"BAR RADLSTADL + CAMPING SALTAUS","article_modified_time":"2022-02-23T13:50:39+00:00","twitter_card":"summary_large_image","twitter_misc":{"Est. reading time":"1 minute"},"schema":{"@context":"https:\/\/schema.org","@graph":[{"@type":"WebPage","@id":"https:\/\/campingsaltaus.it\/en\/legal-notice\/","url":"https:\/\/campingsaltaus.it\/en\/legal-notice\/","name":"Legal Notice - BAR RADLSTADL + CAMPING SALTAUS","isPartOf":{"@id":"https:\/\/campingsaltaus.it\/#website"},"datePublished":"2022-02-04T08:54:41+00:00","dateModified":"2022-02-23T13:50:39+00:00","breadcrumb":{"@id":"https:\/\/campingsaltaus.it\/en\/legal-notice\/#breadcrumb"},"inLanguage":"en-US","potentialAction":[{"@type":"ReadAction","target":["https:\/\/campingsaltaus.it\/en\/legal-notice\/"]}]},{"@type":"BreadcrumbList","@id":"https:\/\/campingsaltaus.it\/en\/legal-notice\/#breadcrumb","itemListElement":[{"@type":"ListItem","position":1,"name":"Startseite","item":"https:\/\/campingsaltaus.it\/en\/"},{"@type":"ListItem","position":2,"name":"Legal Notice"}]},{"@type":"WebSite","@id":"https:\/\/campingsaltaus.it\/#website","url":"https:\/\/campingsaltaus.it\/","name":"BAR RADLSTADL + CAMPING SALTAUS","description":"Minicamping und Radstation - Radlstadl Camping Saltaus bei Meran in Passeier","potentialAction":[{"@type":"SearchAction","target":{"@type":"EntryPoint","urlTemplate":"https:\/\/campingsaltaus.it\/?s={search_term_string}"},"query-input":{"@type":"PropertyValueSpecification","valueRequired":true,"valueName":"search_term_string"}}],"inLanguage":"en-US"}]}},"_links":{"self":[{"href":"https:\/\/campingsaltaus.it\/en\/wp-json\/wp\/v2\/pages\/637","targetHints":{"allow":["GET"]}}],"collection":[{"href":"https:\/\/campingsaltaus.it\/en\/wp-json\/wp\/v2\/pages"}],"about":[{"href":"https:\/\/campingsaltaus.it\/en\/wp-json\/wp\/v2\/types\/page"}],"author":[{"embeddable":true,"href":"https:\/\/campingsaltaus.it\/en\/wp-json\/wp\/v2\/users\/1"}],"replies":[{"embeddable":true,"href":"https:\/\/campingsaltaus.it\/en\/wp-json\/wp\/v2\/comments?post=637"}],"version-history":[{"count":0,"href":"https:\/\/campingsaltaus.it\/en\/wp-json\/wp\/v2\/pages\/637\/revisions"}],"wp:attachment":[{"href":"https:\/\/campingsaltaus.it\/en\/wp-json\/wp\/v2\/media?parent=637"}],"curies":[{"name":"wp","href":"https:\/\/api.w.org\/{rel}","templated":true}]}}